{"id":9959,"date":"2025-03-15T08:51:56","date_gmt":"2025-03-15T07:51:56","guid":{"rendered":"https:\/\/gospel4cors.net\/?page_id=9959"},"modified":"2025-04-07T21:53:45","modified_gmt":"2025-04-07T19:53:45","slug":"associacio-coral","status":"publish","type":"page","link":"https:\/\/gospel4cors.net\/?page_id=9959","title":{"rendered":"Associacio Coral"},"content":{"rendered":"\t\t<div data-elementor-type=\"wp-page\" data-elementor-id=\"9959\" class=\"elementor elementor-9959\" data-elementor-post-type=\"page\">\n\t\t\t\t<div class=\"elementor-element elementor-element-7554821 e-con-full elementor-hidden-tablet elementor-hidden-mobile e-flex e-con e-parent\" data-id=\"7554821\" data-element_type=\"container\" data-e-type=\"container\" data-settings=\"{&quot;background_background&quot;:&quot;classic&quot;}\">\n\t\t\t\t<\/div>\n\t\t<div class=\"elementor-element elementor-element-d58c6f8 e-con-full e-flex e-con e-parent\" data-id=\"d58c6f8\" data-element_type=\"container\" data-e-type=\"container\" data-settings=\"{&quot;background_background&quot;:&quot;classic&quot;}\">\n\t\t<div class=\"elementor-element elementor-element-577cc47 e-con-full e-flex e-con e-child\" data-id=\"577cc47\" data-element_type=\"container\" data-e-type=\"container\" data-settings=\"{&quot;background_background&quot;:&quot;classic&quot;,&quot;position&quot;:&quot;absolute&quot;}\">\n\t\t\t\t<\/div>\n\t\t<div class=\"elementor-element elementor-element-b1161a6 e-flex e-con-boxed e-con e-child\" data-id=\"b1161a6\" data-element_type=\"container\" data-e-type=\"container\">\n\t\t\t\t\t<div class=\"e-con-inner\">\n\t\t<div class=\"elementor-element elementor-element-84ef14c e-con-full e-flex elementor-invisible e-con e-child\" data-id=\"84ef14c\" data-element_type=\"container\" data-e-type=\"container\" data-settings=\"{&quot;animation&quot;:&quot;fadeInRight&quot;,&quot;animation_delay&quot;:500}\">\n\t\t\t\t<div class=\"elementor-element elementor-element-e2e2e6e elementor-widget elementor-widget-heading\" data-id=\"e2e2e6e\" data-element_type=\"widget\" data-e-type=\"widget\" data-widget_type=\"heading.default\">\n\t\t\t\t<div class=\"elementor-widget-container\">\n\t\t\t\t\t<h2 class=\"elementor-heading-title elementor-size-default\">Els temps canvien i Gospel 4 Cors canvia amb els temps.<\/h2>\t\t\t\t<\/div>\n\t\t\t\t<\/div>\n\t\t\t\t<div class=\"elementor-element elementor-element-314ea00 elementor-widget elementor-widget-text-editor\" data-id=\"314ea00\" data-element_type=\"widget\" data-e-type=\"widget\" data-widget_type=\"text-editor.default\">\n\t\t\t\t<div class=\"elementor-widget-container\">\n\t\t\t\t\t\t\t\t\t<p class=\"wp-block-heading\">Ens hem fet grans i ja no podem anar pel m\u00f3n com si no f\u00f3ssim res ni ning\u00fa. \u00c9s per aix\u00f2 que hem decidit constituir-nos en associaci\u00f3.<\/p><p>Aix\u00f2 ens permetr\u00e0 tenir una millor cobertura legal per afrontar els nostres projectes de futur.<\/p><p class=\"wp-block-heading\">La nostra intenci\u00f3 \u00e9s que totes i tots aquells que ja formeu part dels nostres cors, entreu a formar part d\u2019aquest nou projecte.<\/p><p>\u00c9s per aix\u00f2 que la Junta Directiva de l\u2019Associaci\u00f3 ha decidit que tots els nostres cantants siguin inscrits com a socis de l\u2019ACG4C.<\/p><p>Dins d\u2019aquest gran grup hi haur\u00e0 de tot: Socis que formaran part de la Directiva, socis col.laboradors, voluntaris en tasques determinades i gent que en ajudar\u00e0 a decidir si el que fem ja ho fem prou b\u00e9 o si cal millorar en alguns o en molts aspectes.<\/p>\t\t\t\t\t\t\t\t<\/div>\n\t\t\t\t<\/div>\n\t\t\t\t<\/div>\n\t\t\t\t\t<\/div>\n\t\t\t\t<\/div>\n\t\t\t\t<\/div>\n\t\t<div class=\"elementor-element elementor-element-1f00d23 e-con-full e-flex e-con e-parent\" data-id=\"1f00d23\" data-element_type=\"container\" data-e-type=\"container\" data-settings=\"{&quot;background_background&quot;:&quot;classic&quot;}\">\n\t\t<div class=\"elementor-element elementor-element-2f18014 e-flex e-con-boxed e-con e-child\" data-id=\"2f18014\" data-element_type=\"container\" data-e-type=\"container\">\n\t\t\t\t\t<div class=\"e-con-inner\">\n\t\t<div class=\"elementor-element elementor-element-4bd80af e-con-full e-flex elementor-invisible e-con e-child\" data-id=\"4bd80af\" data-element_type=\"container\" data-e-type=\"container\" data-settings=\"{&quot;animation&quot;:&quot;fadeInLeft&quot;,&quot;animation_delay&quot;:500}\">\n\t\t\t\t<div class=\"elementor-element elementor-element-42fc644 elementor-widget elementor-widget-text-editor\" data-id=\"42fc644\" data-element_type=\"widget\" data-e-type=\"widget\" data-widget_type=\"text-editor.default\">\n\t\t\t\t<div class=\"elementor-widget-container\">\n\t\t\t\t\t\t\t\t\t<p class=\"wp-block-heading\">Crear una Associaci\u00f3 i mantenir-la no ser\u00e0 una feina intrascendent ni mancada de complexitat. Demanar\u00e0 molts esfor\u00e7os i\u00a0 la participaci\u00f3 altru\u00efsta de molta gent que hi dedicar\u00e0 hores robades al seu temps lliure, pel b\u00e9 del grup. Tot aix\u00f2 es veur\u00e0 recompensat, en veure reeixir aquest projecte i en la seguretat absoluta de que tindrem el suport de tots vosaltres.<\/p><p class=\"wp-block-heading\">Crear i mantenir una Associaci\u00f3 comporta, tamb\u00e9, una s\u00e8rie de despeses a les quals haurem de fer front. \u00c9s per aix\u00f2 que necessitarem la vostra ajuda a nivell econ\u00f2mic. Una ajuda molt petita, per\u00f2 imprescindible per anar endavant.<\/p><p>A fi i efecte de donar-vos totes les explicacions pertinents i de fer tots els aclariments que ens demaneu, es convocar\u00e0 una <em>Assemblea General de Socis <\/em><em>anual<\/em> a la qual hi sereu tots convidats. Si encara no ets soci i vols pert\u00e0nyer a la fam\u00edlia Gospel 4 Cors, omple el seg\u00fcent formulari.<\/p>\t\t\t\t\t\t\t\t<\/div>\n\t\t\t\t<\/div>\n\t\t\t\t<\/div>\n\t\t\t\t\t<\/div>\n\t\t\t\t<\/div>\n\t\t<div class=\"elementor-element elementor-element-78d3b4e e-con-full e-flex e-con e-child\" data-id=\"78d3b4e\" data-element_type=\"container\" data-e-type=\"container\" data-settings=\"{&quot;background_background&quot;:&quot;classic&quot;,&quot;position&quot;:&quot;absolute&quot;}\">\n\t\t\t\t<\/div>\n\t\t\t\t<\/div>\n\t\t<div class=\"elementor-element elementor-element-1a8c254 e-con-full e-flex e-con e-parent\" data-id=\"1a8c254\" data-element_type=\"container\" data-e-type=\"container\" data-settings=\"{&quot;background_background&quot;:&quot;classic&quot;}\">\n\t\t<div class=\"elementor-element elementor-element-d36b261 e-con-full e-flex e-con e-child\" data-id=\"d36b261\" data-element_type=\"container\" data-e-type=\"container\" data-settings=\"{&quot;background_background&quot;:&quot;classic&quot;,&quot;position&quot;:&quot;absolute&quot;}\">\n\t\t\t\t<\/div>\n\t\t<div class=\"elementor-element elementor-element-954e04b e-flex e-con-boxed e-con e-child\" data-id=\"954e04b\" data-element_type=\"container\" data-e-type=\"container\">\n\t\t\t\t\t<div class=\"e-con-inner\">\n\t\t<div class=\"elementor-element elementor-element-0f8cfa9 e-con-full e-flex elementor-invisible e-con e-child\" data-id=\"0f8cfa9\" data-element_type=\"container\" data-e-type=\"container\" data-settings=\"{&quot;animation&quot;:&quot;fadeInRight&quot;,&quot;animation_delay&quot;:500}\">\n\t\t\t\t<div class=\"elementor-element elementor-element-3bfac14 elementor-widget elementor-widget-text-editor\" data-id=\"3bfac14\" data-element_type=\"widget\" data-e-type=\"widget\" data-widget_type=\"text-editor.default\">\n\t\t\t\t<div class=\"elementor-widget-container\">\n\t\t\t\t\t\t\t\t\t<p>Formulario de inscripci\u00f3n <strong>\u00ab<a style=\"color: #555555;\" href=\"https:\/\/forms.gle\/no9VP7nMbXrkG1889\" target=\"_blank\" rel=\"noopener\">clic aqu\u00ed\u00bb<\/a><\/strong><\/p>\t\t\t\t\t\t\t\t<\/div>\n\t\t\t\t<\/div>\n\t\t\t\t<\/div>\n\t\t\t\t\t<\/div>\n\t\t\t\t<\/div>\n\t\t\t\t<\/div>\n\t\t\t\t<\/div>\n\t\t","protected":false},"excerpt":{"rendered":"<p>Els temps canvien i Gospel 4 Cors canvia amb els temps. Ens hem fet grans i ja no podem anar pel m\u00f3n com si no f\u00f3ssim res ni ning\u00fa. \u00c9s [&hellip;]<\/p>\n","protected":false},"author":1125,"featured_media":0,"parent":0,"menu_order":0,"comment_status":"closed","ping_status":"closed","template":"elementor_header_footer","meta":{"footnotes":""},"class_list":["post-9959","page","type-page","status-publish","hentry"],"_links":{"self":[{"href":"https:\/\/gospel4cors.net\/index.php?rest_route=\/wp\/v2\/pages\/9959","targetHints":{"allow":["GET"]}}],"collection":[{"href":"https:\/\/gospel4cors.net\/index.php?rest_route=\/wp\/v2\/pages"}],"about":[{"href":"https:\/\/gospel4cors.net\/index.php?rest_route=\/wp\/v2\/types\/page"}],"author":[{"embeddable":true,"href":"https:\/\/gospel4cors.net\/index.php?rest_route=\/wp\/v2\/users\/1125"}],"replies":[{"embeddable":true,"href":"https:\/\/gospel4cors.net\/index.php?rest_route=%2Fwp%2Fv2%2Fcomments&post=9959"}],"version-history":[{"count":0,"href":"https:\/\/gospel4cors.net\/index.php?rest_route=\/wp\/v2\/pages\/9959\/revisions"}],"wp:attachment":[{"href":"https:\/\/gospel4cors.net\/index.php?rest_route=%2Fwp%2Fv2%2Fmedia&parent=9959"}],"curies":[{"name":"wp","href":"https:\/\/api.w.org\/{rel}","templated":true}]}}