{"id":9950,"date":"2025-03-15T08:37:09","date_gmt":"2025-03-15T07:37:09","guid":{"rendered":"https:\/\/gospel4cors.net\/?page_id=9950"},"modified":"2025-04-07T21:55:34","modified_gmt":"2025-04-07T19:55:34","slug":"acg4c","status":"publish","type":"page","link":"https:\/\/gospel4cors.net\/?page_id=9950","title":{"rendered":"ACG4C"},"content":{"rendered":"\t\t<div data-elementor-type=\"wp-page\" data-elementor-id=\"9950\" class=\"elementor elementor-9950\" data-elementor-post-type=\"page\">\n\t\t\t\t<div class=\"elementor-element elementor-element-7185079 e-con-full e-flex e-con e-parent\" data-id=\"7185079\" data-element_type=\"container\" data-e-type=\"container\" data-settings=\"{&quot;background_background&quot;:&quot;classic&quot;}\">\n\t\t\t\t<\/div>\n\t\t<div class=\"elementor-element elementor-element-d58c6f8 e-con-full e-flex e-con e-parent\" data-id=\"d58c6f8\" data-element_type=\"container\" data-e-type=\"container\" data-settings=\"{&quot;background_background&quot;:&quot;classic&quot;}\">\n\t\t<div class=\"elementor-element elementor-element-577cc47 e-con-full e-flex e-con e-child\" data-id=\"577cc47\" data-element_type=\"container\" data-e-type=\"container\" data-settings=\"{&quot;background_background&quot;:&quot;classic&quot;,&quot;position&quot;:&quot;absolute&quot;}\">\n\t\t\t\t<\/div>\n\t\t<div class=\"elementor-element elementor-element-b1161a6 e-flex e-con-boxed e-con e-child\" data-id=\"b1161a6\" data-element_type=\"container\" data-e-type=\"container\">\n\t\t\t\t\t<div class=\"e-con-inner\">\n\t\t<div class=\"elementor-element elementor-element-84ef14c e-con-full e-flex elementor-invisible e-con e-child\" data-id=\"84ef14c\" data-element_type=\"container\" data-e-type=\"container\" data-settings=\"{&quot;animation&quot;:&quot;zoomIn&quot;,&quot;animation_delay&quot;:500}\">\n\t\t\t\t<div class=\"elementor-element elementor-element-314ea00 elementor-invisible elementor-widget elementor-widget-text-editor\" data-id=\"314ea00\" data-element_type=\"widget\" data-e-type=\"widget\" data-settings=\"{&quot;_animation&quot;:&quot;zoomIn&quot;}\" data-widget_type=\"text-editor.default\">\n\t\t\t\t<div class=\"elementor-widget-container\">\n\t\t\t\t\t\t\t\t\t<p>Us comunico que han estat inscrits, d\u2019acord amb l\u2019art 4.1 del Decret 206\/1999, de 27 de juliol, pel qual s\u2019aprova el Reglament d\u2019organitzaci\u00f3 i funcionament del Registre d\u2019Associacions, els canvis en la composici\u00f3 de la Junta Directiva de l\u2019Associaci\u00f3 Coral G\u00f2spel 4 Cors (n\u00fam. 66234) que es van aprovar en data 10\/01\/2024 i que ens heu comunicat mitjan\u00e7ant el vostre escrit presentat el 23\/01\/2024.<br \/>En conseq\u00fc\u00e8ncia, la composici\u00f3 de la Junta Directiva que actualment consta en el Registre d\u2019Associacions de la Generalitat \u00e9s la seg\u00fcent:<\/p><p><strong>Presidenta:<\/strong> Immaculada Joseph Munn\u00e9. A renovar: 10\/01\/2029<br \/><strong>Secretari: <\/strong>Emilio Abarca Ribas. A renovar: 10\/01\/2029<br \/><strong>Tresorer:<\/strong> Francesc Perera Morales. A renovar: 10\/01\/2029<br \/><strong>Vocal:<\/strong> Leonor Lancho Guti\u00e9rrez. A renovar: 10\/01\/2029<br \/><strong>Vocal:<\/strong> M. Isabel Mir Mart\u00ednez.A renovar: 10\/01\/2029<br \/><strong>Vocal:<\/strong> Yolanda S\u00e1nchez Tejada.A renovar: 10\/01\/2029<\/p>\t\t\t\t\t\t\t\t<\/div>\n\t\t\t\t<\/div>\n\t\t\t\t<\/div>\n\t\t\t\t\t<\/div>\n\t\t\t\t<\/div>\n\t\t\t\t<\/div>\n\t\t<div class=\"elementor-element elementor-element-acbe2f2 e-flex e-con-boxed e-con e-parent\" data-id=\"acbe2f2\" data-element_type=\"container\" data-e-type=\"container\">\n\t\t\t\t\t<div class=\"e-con-inner\">\n\t\t<div class=\"elementor-element elementor-element-8712cdb e-con-full e-flex elementor-invisible e-con e-child\" data-id=\"8712cdb\" data-element_type=\"container\" data-e-type=\"container\" data-settings=\"{&quot;animation&quot;:&quot;zoomIn&quot;}\">\n\t\t\t\t<div class=\"elementor-element elementor-element-8beaaac elementor-widget elementor-widget-text-editor\" data-id=\"8beaaac\" data-element_type=\"widget\" data-e-type=\"widget\" data-widget_type=\"text-editor.default\">\n\t\t\t\t<div class=\"elementor-widget-container\">\n\t\t\t\t\t\t\t\t\t<p><b>ESTATUTS<\/b><\/p><p><b>Cap\u00edtol I. La denominaci\u00f3, els fins i el domicili<\/b><\/p><p><b><i>Article 1\u00a0<\/i><\/b><\/p><p><span style=\"font-weight: 400;\">Amb la denominaci\u00f3<br \/><\/span><br \/><b>Associaci\u00f3 Coral G\u00f2spel 4 Cors<\/b><span style=\"font-weight: 400;\">, es constitueix aquesta entitat, que regula les seves activitats d\u2019acord amb el que estableix la Llei 4\/2008, de 24 d\u2019abril, del llibre tercer del Codi civil de Catalunya, relatiu a les persones jur\u00eddiques; la Llei org\u00e0nica 1\/2002, de 22 de mar\u00e7, reguladora del dret d\u2019associaci\u00f3, i els seus estatuts\u2026<br \/><a style=\"color: #555555;\" href=\"https:\/\/gospel4cors.net\/wp-content\/uploads\/2025\/03\/estatuts.pdf\" target=\"_blank\" rel=\"noopener\">(veure m\u00e9s)<\/a><\/span><\/p>\t\t\t\t\t\t\t\t<\/div>\n\t\t\t\t<\/div>\n\t\t\t\t<\/div>\n\t\t<div class=\"elementor-element elementor-element-5492e6f e-con-full e-flex e-con e-child\" data-id=\"5492e6f\" data-element_type=\"container\" data-e-type=\"container\">\n\t\t\t\t<div class=\"elementor-element elementor-element-98d3a2c elementor-widget elementor-widget-image\" data-id=\"98d3a2c\" data-element_type=\"widget\" data-e-type=\"widget\" data-widget_type=\"image.default\">\n\t\t\t\t<div class=\"elementor-widget-container\">\n\t\t\t\t\t\t\t\t\t\t\t\t\t\t\t<img fetchpriority=\"high\" decoding=\"async\" width=\"1380\" height=\"921\" src=\"https:\/\/gospel4cors.net\/wp-content\/uploads\/2017\/09\/GOSPEL4C.jpg\" class=\"attachment-large size-large wp-image-173\" alt=\"\" srcset=\"https:\/\/gospel4cors.net\/wp-content\/uploads\/2017\/09\/GOSPEL4C.jpg 1380w, https:\/\/gospel4cors.net\/wp-content\/uploads\/2017\/09\/GOSPEL4C-768x513.jpg 768w\" sizes=\"(max-width: 1380px) 100vw, 1380px\" \/>\t\t\t\t\t\t\t\t\t\t\t\t\t\t\t<\/div>\n\t\t\t\t<\/div>\n\t\t\t\t<\/div>\n\t\t\t\t\t<\/div>\n\t\t\t\t<\/div>\n\t\t<div class=\"elementor-element elementor-element-1a8c254 e-con-full e-flex e-con e-parent\" data-id=\"1a8c254\" data-element_type=\"container\" data-e-type=\"container\" data-settings=\"{&quot;background_background&quot;:&quot;classic&quot;}\">\n\t\t<div class=\"elementor-element elementor-element-d36b261 e-con-full e-flex e-con e-child\" data-id=\"d36b261\" data-element_type=\"container\" data-e-type=\"container\" data-settings=\"{&quot;background_background&quot;:&quot;classic&quot;,&quot;position&quot;:&quot;absolute&quot;}\">\n\t\t\t\t<\/div>\n\t\t<div class=\"elementor-element elementor-element-954e04b e-flex e-con-boxed e-con e-child\" data-id=\"954e04b\" data-element_type=\"container\" data-e-type=\"container\">\n\t\t\t\t\t<div class=\"e-con-inner\">\n\t\t<div class=\"elementor-element elementor-element-0f8cfa9 e-con-full e-flex elementor-invisible e-con e-child\" data-id=\"0f8cfa9\" data-element_type=\"container\" data-e-type=\"container\" data-settings=\"{&quot;animation&quot;:&quot;zoomIn&quot;,&quot;animation_delay&quot;:500}\">\n\t\t\t\t<div class=\"elementor-element elementor-element-914c661 elementor-widget elementor-widget-heading\" data-id=\"914c661\" data-element_type=\"widget\" data-e-type=\"widget\" data-widget_type=\"heading.default\">\n\t\t\t\t<div class=\"elementor-widget-container\">\n\t\t\t\t\t<h2 class=\"elementor-heading-title elementor-size-default\">Tauler d\u2019anuncis<\/h2>\t\t\t\t<\/div>\n\t\t\t\t<\/div>\n\t\t\t\t<div class=\"elementor-element elementor-element-3bfac14 elementor-widget elementor-widget-text-editor\" data-id=\"3bfac14\" data-element_type=\"widget\" data-e-type=\"widget\" data-widget_type=\"text-editor.default\">\n\t\t\t\t<div class=\"elementor-widget-container\">\n\t\t\t\t\t\t\t\t\t<ul><li><p>Amb data 10\/5\/2024 s\u2019ha desactivat el comte de Paypal corresponent a l\u2019ACG4C. A partir d\u2019ara, les quotes, donatius o despeses extraordin\u00e0ries de l\u2019Associaci\u00f3 es cobraran en efectiu o mitjan\u00e7ant transfer\u00e8ncia al compte bancari de la Caixa d\u2019inginyers IBAN ES04 3025 0005 8214 3331 4095.<\/p><\/li><\/ul>\t\t\t\t\t\t\t\t<\/div>\n\t\t\t\t<\/div>\n\t\t\t\t<\/div>\n\t\t\t\t\t<\/div>\n\t\t\t\t<\/div>\n\t\t\t\t<\/div>\n\t\t<div class=\"elementor-element elementor-element-94dd3bc e-con-full e-flex e-con e-parent\" data-id=\"94dd3bc\" data-element_type=\"container\" data-e-type=\"container\" data-settings=\"{&quot;background_background&quot;:&quot;classic&quot;}\">\n\t\t<div class=\"elementor-element elementor-element-cc98122 e-flex e-con-boxed e-con e-child\" data-id=\"cc98122\" data-element_type=\"container\" data-e-type=\"container\">\n\t\t\t\t\t<div class=\"e-con-inner\">\n\t\t<div class=\"elementor-element elementor-element-0bbe3ca e-con-full e-flex elementor-invisible e-con e-child\" data-id=\"0bbe3ca\" data-element_type=\"container\" data-e-type=\"container\" data-settings=\"{&quot;animation&quot;:&quot;zoomIn&quot;,&quot;animation_delay&quot;:0}\">\n\t\t\t\t<div class=\"elementor-element elementor-element-cced1e1 elementor-widget elementor-widget-text-editor\" data-id=\"cced1e1\" data-element_type=\"widget\" data-e-type=\"widget\" data-widget_type=\"text-editor.default\">\n\t\t\t\t<div class=\"elementor-widget-container\">\n\t\t\t\t\t\t\t\t\t<ul><li>S\u2019ha habilitat un\u00a0<strong>formulari d\u2019ampliaci\u00f3 de dades<\/strong> per al registre de socis, al qual podeu accedir mitjan\u00e7ant aquest enlla\u00e7:<br \/><strong>\u00ab<a style=\"color: #555555;\" href=\"https:\/\/forms.gle\/no9VP7nMbXrkG1889\" target=\"_blank\" rel=\"noopener\">clic aqu\u00ed\u00bb<\/a><\/strong><br \/>(la complimentaci\u00f3 d\u2019aquest formulari \u00e9s obligatori per a tots els socis registrats.)<\/li><li>S\u2019ha creat un grup informatiu de WhatsApp per centralitzar les comunicacions referents a G\u00f2spel4Cors. Podeu accedir-hi mitjan\u00e7ant el seg\u00fcent enlla\u00e7:<br \/><strong><a style=\"color: #555555;\" href=\"https:\/\/chat.whatsapp.com\/F7i2u8hsSR7Iw0NAxYVfKW\">\u00abclic aqu\u00ed\u00bb<\/a><\/strong><br \/>o tamb\u00e9, escanejant el codi QR que trobareu m\u00e9s avall.<\/li><\/ul>\t\t\t\t\t\t\t\t<\/div>\n\t\t\t\t<\/div>\n\t\t\t\t<\/div>\n\t\t\t\t\t<\/div>\n\t\t\t\t<\/div>\n\t\t<div class=\"elementor-element elementor-element-c59f820 e-con-full e-flex e-con e-child\" data-id=\"c59f820\" data-element_type=\"container\" data-e-type=\"container\" data-settings=\"{&quot;background_background&quot;:&quot;classic&quot;,&quot;position&quot;:&quot;absolute&quot;}\">\n\t\t\t\t<\/div>\n\t\t\t\t<\/div>\n\t\t\t\t<\/div>\n\t\t","protected":false},"excerpt":{"rendered":"<p>Us comunico que han estat inscrits, d\u2019acord amb l\u2019art 4.1 del Decret 206\/1999, de 27 de juliol, pel qual s\u2019aprova el Reglament d\u2019organitzaci\u00f3 i funcionament del Registre d\u2019Associacions, els canvis [&hellip;]<\/p>\n","protected":false},"author":1125,"featured_media":0,"parent":0,"menu_order":0,"comment_status":"closed","ping_status":"closed","template":"elementor_header_footer","meta":{"footnotes":""},"class_list":["post-9950","page","type-page","status-publish","hentry"],"_links":{"self":[{"href":"https:\/\/gospel4cors.net\/index.php?rest_route=\/wp\/v2\/pages\/9950","targetHints":{"allow":["GET"]}}],"collection":[{"href":"https:\/\/gospel4cors.net\/index.php?rest_route=\/wp\/v2\/pages"}],"about":[{"href":"https:\/\/gospel4cors.net\/index.php?rest_route=\/wp\/v2\/types\/page"}],"author":[{"embeddable":true,"href":"https:\/\/gospel4cors.net\/index.php?rest_route=\/wp\/v2\/users\/1125"}],"replies":[{"embeddable":true,"href":"https:\/\/gospel4cors.net\/index.php?rest_route=%2Fwp%2Fv2%2Fcomments&post=9950"}],"version-history":[{"count":0,"href":"https:\/\/gospel4cors.net\/index.php?rest_route=\/wp\/v2\/pages\/9950\/revisions"}],"wp:attachment":[{"href":"https:\/\/gospel4cors.net\/index.php?rest_route=%2Fwp%2Fv2%2Fmedia&parent=9950"}],"curies":[{"name":"wp","href":"https:\/\/api.w.org\/{rel}","templated":true}]}}