{"id":9665,"date":"2025-03-13T12:50:08","date_gmt":"2025-03-13T11:50:08","guid":{"rendered":"https:\/\/gospel4cors.net\/?page_id=9665"},"modified":"2026-04-06T16:21:48","modified_gmt":"2026-04-06T14:21:48","slug":"audios","status":"publish","type":"page","link":"https:\/\/gospel4cors.net\/?page_id=9665","title":{"rendered":"\u00c0udios"},"content":{"rendered":"<h2>Audios<\/h2>\n<h2>Repertori Gospel 4 Cors <\/h2>\n<p><em>La utilitzaci\u00f3 dels materials d\u2019estudi est\u00e0 restringida, esclusivament, a l\u2019\u00e0mbit dels cors que componen Gospel4Cors. <br \/>No est\u00e0 permesa la c\u00f2pia ni la distribuci\u00f3 d\u2019aquests materials fora dels nostres cors.<br \/><\/em><em>En cas d\u2019incompliment, es reclamaran les responsabilitats que corresponguin.\u00a0<\/em><\/p>\n<h3><a href=\"https:\/\/gospel4cors.net\/20-halleluyah-leonard-cohen\/\" target=\"_blank\">Aleluyah Cohen<\/a><\/h3>\n<h3><a href=\"https:\/\/gospel4cors.net\/12-asimbonanga\/\" target=\"_blank\">Asimbonanga<\/a><\/h3>\n<h3><a href=\"https:\/\/gospel4cors.net\/13-better-is-one-day\/\" target=\"_blank\">Better is one day<\/a><\/h3>\n<h3><a href=\"https:\/\/gospel4cors.net\/14-bring-me-a-little-water-silvie\/\" target=\"_blank\">Bring me a little water<\/a><\/h3>\n<h3><a href=\"https:\/\/gospel4cors.net\/01-come-on-and-praise\/\" target=\"_blank\">Come on and praise<\/a><\/h3>\n<h3><a href=\"https:\/\/gospel4cors.net\/12-asimbonanga\/\" target=\"_blank\">Chasing after you<\/a><\/h3>\n<h3><a href=\"https:\/\/gospel4cors.net\/15-down-by-the-riverside\/\" target=\"_blank\">Down by the Riverside<\/a><\/h3>\n<h3><a href=\"https:\/\/gospel4cors.net\/16-every-praise\/\" target=\"_blank\">Every Praise<\/a><\/h3>\n<h3><a href=\"https:\/\/gospel4cors.net\/12-asimbonanga\/\" target=\"_blank\">Everybody clap your hands<\/a><\/h3>\n<h3><a href=\"https:\/\/gospel4cors.net\/17-for-your-glory\/\" target=\"_blank\">Four your glory<\/a><\/h3>\n<h3><a href=\"https:\/\/gospel4cors.net\/18-freedom-is-coming\/\" target=\"_blank\">Freedom is coming<\/a><\/h3>\n<h3><a href=\"https:\/\/gospel4cors.net\/19-giants\/\" target=\"_blank\">Giants<\/p>\n<p><\/a><\/h3>\n<h3><a href=\"https:\/\/gospel4cors.net\/12-asimbonanga\/\" target=\"_blank\">Great is  the Lord<\/a><\/h3>\n<h3><a href=\"https:\/\/gospel4cors.net\/02-hakuna-mungu\/\" target=\"_blank\">Hakuna Mungu<\/a><\/h3>\n<h3><a href=\"https:\/\/gospel4cors.net\/03-haleluyah-to-the-king\/\" target=\"_blank\">Haleluyah to the King<\/a><\/h3>\n<h3><a href=\"https:\/\/gospel4cors.net\/12-asimbonanga\/\" target=\"_blank\">He Reigns<\/a><\/h3>\n<h3><a href=\"https:\/\/gospel4cors.net\/22-hlonolofatsa\/\" target=\"_blank\">Hlohnolofatsa<\/a><\/h3>\n<h3><a href=\"https:\/\/gospel4cors.net\/04-hosanna-the-anthem\/\" target=\"_blank\">Hosanna & The Anthem <\/a><\/h3>\n<h3><a href=\"https:\/\/gospel4cors.net\/12-asimbonanga\/\" target=\"_blank\">How great is our God<\/a><\/h3>\n<h3><a href=\"https:\/\/gospel4cors.net\/24-i-feel-you-spirit\/\" target=\"_blank\">I feel  your Spirit<\/a><\/h3>\n<h3><a href=\"https:\/\/gospel4cors.net\/12-asimbonanga\/\" target=\"_blank\">I will bless the Lord<\/a><\/h3>\n<h3><a href=\"https:\/\/gospel4cors.net\/05-i-will-follow-him\/\" target=\"_blank\">I will follow him<\/a><\/h3>\n<h3><a href=\"https:\/\/gospel4cors.net\/26-joy\/\" target=\"_blank\">Joy<\/a><\/h3>\n<h3><a href=\"https:\/\/gospel4cors.net\/27-ke-na-le-modisa\/\" target=\"_blank\">Ke na<br \/> le Modisa <\/a><\/h3>\n<h3><a href=\"https:\/\/gospel4cors.net\/28-let-me-wait\/\" target=\"_blank\">Let me wait<\/a><\/h3>\n<h3><a href=\"https:\/\/gospel4cors.net\/29-lord-you-are-good\/\" target=\"_blank\">Lord you are good<\/a><\/h3>\n<h3><a href=\"https:\/\/gospel4cors.net\/06-my-heart-belongs-to-you\/\" target=\"_blank\">My heart belongs to you<\/a><\/h3>\n<h3><a href=\"https:\/\/gospel4cors.net\/30-my-life-is-in-your-hands\/\" target=\"_blank\">My life is in your hands<\/a><\/h3>\n<h3><a href=\"https:\/\/gospel4cors.net\/31-oh-happy-day\/\" target=\"_blank\">Oh happy Day<\/a><\/h3>\n<h3><a href=\"https:\/\/gospel4cors.net\/32-one-love\/\" target=\"_blank\">One Love <\/a><\/h3>\n<h3><a href=\"https:\/\/gospel4cors.net\/07-praise-his-holy-name\/\" target=\"_blank\">Praise his holy name<\/a><\/h3>\n<h3><a href=\"https:\/\/gospel4cors.net\/33-rejoice\/\" target=\"_blank\">Rejoice <\/a><\/h3>\n<h3><a href=\"https:\/\/gospel4cors.net\/34-revelation-19-1\/\" target=\"_blank\">Revelation  19.1 <\/a><\/h3>\n<h3><a href=\"https:\/\/gospel4cors.net\/35-satan\/\" target=\"_blank\">Satan <\/a><\/h3>\n<h3><a href=\"https:\/\/gospel4cors.net\/36-soon-and-very-soon\/\" target=\"_blank\">Soon and very soon <\/a><\/h3>\n<h3><a href=\"https:\/\/gospel4cors.net\/37-souled-out\/\" target=\"_blank\">Souled Out<\/a><\/h3>\n<h3><a href=\"https:\/\/gospel4cors.net\/08-speak-to-me\/\" target=\"_blank\">Speak to me<\/a><\/h3>\n<h3><a href=\"https:\/\/gospel4cors.net\/38-swing-low\/%20\" target=\"_blank\">Swing Low<\/a><\/h3>\n<h3><a href=\"https:\/\/gospel4cors.net\/39-take-me-back\/\" target=\"_blank\">Take me back <\/a><\/h3>\n<h3><a href=\"https:\/\/gospel4cors.net\/09-the-blessing-of-abraham\/\" target=\"_blank\">The blessing of Abraham <\/a><\/h3>\n<h3><a href=\"https:\/\/gospel4cors.net\/10-when-you-believe\/\" target=\"_blank\">When you believe<\/a><\/h3>\n<h3><a href=\"https:\/\/gospel4cors.net\/23-yes-lord\/\" target=\"_blank\">Yes Lord<\/a><\/h3>\n<h3><a href=\"https:\/\/gospel4cors.net\/11-you-are-my-king-amazing-love\/\" target=\"_blank\">You are my King<\/a><\/h3>\n","protected":false},"excerpt":{"rendered":"<p>Audios Repertori Gospel 4 Cors La utilitzaci\u00f3 dels materials d\u2019estudi est\u00e0 restringida, esclusivament, a l\u2019\u00e0mbit dels cors que componen Gospel4Cors. No est\u00e0 permesa la c\u00f2pia ni la distribuci\u00f3 d\u2019aquests materials [&hellip;]<\/p>\n","protected":false},"author":1125,"featured_media":0,"parent":0,"menu_order":0,"comment_status":"closed","ping_status":"closed","template":"elementor_header_footer","meta":{"footnotes":""},"class_list":["post-9665","page","type-page","status-publish","hentry"],"_links":{"self":[{"href":"https:\/\/gospel4cors.net\/index.php?rest_route=\/wp\/v2\/pages\/9665","targetHints":{"allow":["GET"]}}],"collection":[{"href":"https:\/\/gospel4cors.net\/index.php?rest_route=\/wp\/v2\/pages"}],"about":[{"href":"https:\/\/gospel4cors.net\/index.php?rest_route=\/wp\/v2\/types\/page"}],"author":[{"embeddable":true,"href":"https:\/\/gospel4cors.net\/index.php?rest_route=\/wp\/v2\/users\/1125"}],"replies":[{"embeddable":true,"href":"https:\/\/gospel4cors.net\/index.php?rest_route=%2Fwp%2Fv2%2Fcomments&post=9665"}],"version-history":[{"count":0,"href":"https:\/\/gospel4cors.net\/index.php?rest_route=\/wp\/v2\/pages\/9665\/revisions"}],"wp:attachment":[{"href":"https:\/\/gospel4cors.net\/index.php?rest_route=%2Fwp%2Fv2%2Fmedia&parent=9665"}],"curies":[{"name":"wp","href":"https:\/\/api.w.org\/{rel}","templated":true}]}}