{"id":11731,"date":"2025-04-04T11:12:16","date_gmt":"2025-04-04T09:12:16","guid":{"rendered":"https:\/\/gospel4cors.net\/?page_id=11731"},"modified":"2025-04-09T07:48:29","modified_gmt":"2025-04-09T05:48:29","slug":"gospel-santa-coloma","status":"publish","type":"page","link":"https:\/\/gospel4cors.net\/?page_id=11731","title":{"rendered":"GOSPEL SANTA COLOMA"},"content":{"rendered":"\t\t<div data-elementor-type=\"wp-page\" data-elementor-id=\"11731\" class=\"elementor elementor-11731\" data-elementor-post-type=\"page\">\n\t\t\t\t<div class=\"elementor-element elementor-element-272849b8 e-con-full e-flex e-con e-parent\" data-id=\"272849b8\" data-element_type=\"container\" data-e-type=\"container\">\n\t\t\t\t<\/div>\n\t\t<div class=\"elementor-element elementor-element-d40bde5 e-con-full e-flex e-con e-parent\" data-id=\"d40bde5\" data-element_type=\"container\" data-e-type=\"container\">\n\t\t\t\t<div class=\"elementor-element elementor-element-266a536 elementor-widget elementor-widget-image\" data-id=\"266a536\" data-element_type=\"widget\" data-e-type=\"widget\" data-widget_type=\"image.default\">\n\t\t\t\t<div class=\"elementor-widget-container\">\n\t\t\t\t\t\t\t\t\t\t\t\t\t\t\t<img fetchpriority=\"high\" decoding=\"async\" width=\"1800\" height=\"863\" src=\"https:\/\/gospel4cors.net\/wp-content\/uploads\/2025\/04\/Sin-titulo-1.webp\" class=\"attachment-large size-large wp-image-11754\" alt=\"\" srcset=\"https:\/\/gospel4cors.net\/wp-content\/uploads\/2025\/04\/Sin-titulo-1.webp 1800w, https:\/\/gospel4cors.net\/wp-content\/uploads\/2025\/04\/Sin-titulo-1-768x368.webp 768w, https:\/\/gospel4cors.net\/wp-content\/uploads\/2025\/04\/Sin-titulo-1-1536x736.webp 1536w\" sizes=\"(max-width: 1800px) 100vw, 1800px\" \/>\t\t\t\t\t\t\t\t\t\t\t\t\t\t\t<\/div>\n\t\t\t\t<\/div>\n\t\t\t\t<\/div>\n\t\t<div class=\"elementor-element elementor-element-21ae2a84 e-flex e-con-boxed e-con e-parent\" data-id=\"21ae2a84\" data-element_type=\"container\" data-e-type=\"container\" data-settings=\"{&quot;background_background&quot;:&quot;classic&quot;}\">\n\t\t\t\t\t<div class=\"e-con-inner\">\n\t\t<div class=\"elementor-element elementor-element-75e794d8 e-con-full e-flex e-con e-child\" data-id=\"75e794d8\" data-element_type=\"container\" data-e-type=\"container\">\n\t\t\t\t<div class=\"elementor-element elementor-element-f9d60fe elementor-widget elementor-widget-image\" data-id=\"f9d60fe\" data-element_type=\"widget\" data-e-type=\"widget\" data-widget_type=\"image.default\">\n\t\t\t\t<div class=\"elementor-widget-container\">\n\t\t\t\t\t\t\t\t\t\t\t\t\t\t\t<img loading=\"lazy\" decoding=\"async\" width=\"330\" height=\"330\" src=\"https:\/\/gospel4cors.net\/wp-content\/uploads\/2025\/04\/gopel-santa-coloma.png\" class=\"attachment-medium_large size-medium_large wp-image-11742\" alt=\"\" loading=\"lazy\" \/ fetchpriority=\"low\">\t\t\t\t\t\t\t\t\t\t\t\t\t\t\t<\/div>\n\t\t\t\t<\/div>\n\t\t\t\t<div class=\"elementor-element elementor-element-c6554e3 elementor-widget elementor-widget-heading\" data-id=\"c6554e3\" data-element_type=\"widget\" data-e-type=\"widget\" data-widget_type=\"heading.default\">\n\t\t\t\t<div class=\"elementor-widget-container\">\n\t\t\t\t\t<h2 class=\"elementor-heading-title elementor-size-default\">Gospel Santa Coloma <\/h2>\t\t\t\t<\/div>\n\t\t\t\t<\/div>\n\t\t\t\t<div class=\"elementor-element elementor-element-322793a elementor-widget elementor-widget-text-editor\" data-id=\"322793a\" data-element_type=\"widget\" data-e-type=\"widget\" data-widget_type=\"text-editor.default\">\n\t\t\t\t<div class=\"elementor-widget-container\">\n\t\t\t\t\t\t\t\t\t<p>Contacto:\u00a0 gospelsantacoloma@gmail.com<span style=\"font-weight: 400;\"> | <\/span><span style=\"font-weight: 400;\">Assaig: Dilluns de 20 a 21,30 h. |<\/span>Metro: Santa Rosa, Santa Coloma, L1, L9N<span style=\"font-weight: 400;\"> |<\/span>Bus: B20, M19<\/p>\t\t\t\t\t\t\t\t<\/div>\n\t\t\t\t<\/div>\n\t\t\t\t<\/div>\n\t\t\t\t\t<\/div>\n\t\t\t\t<\/div>\n\t\t<div class=\"elementor-element elementor-element-5a8c2c2 e-flex e-con-boxed e-con e-parent\" data-id=\"5a8c2c2\" data-element_type=\"container\" data-e-type=\"container\">\n\t\t\t\t\t<div class=\"e-con-inner\">\n\t\t\t\t<div class=\"elementor-element elementor-element-439b0c4 elementor-widget elementor-widget-text-editor\" data-id=\"439b0c4\" data-element_type=\"widget\" data-e-type=\"widget\" data-widget_type=\"text-editor.default\">\n\t\t\t\t<div class=\"elementor-widget-container\">\n\t\t\t\t\t\t\t\t\t<p>Som G\u00f2spel Santa Coloma, una coral nascuda a Santa Coloma de Gramenet l\u2019any 2015. Es va formar amb un petit grup de persones que amb il\u00b7lusi\u00f3, dedicaci\u00f3 i l\u2019entusiasme del nostre director, Jordi Cardona, que va fer cr\u00e9ixer en tots nosaltres la comuni\u00f3 amb l\u2019esperit del G\u00f2spel.<\/p><p>\u00a0<\/p><p>Amb un repertori ple de ritme i sentiment, aconseguim transmetre alegria, emoci\u00f3 tot connectant amb el p\u00fablic a cadascuna de les nostres actuacions.<\/p><p>\u00a0<\/p><p>G\u00f2spel Santa Coloma forma part de G\u00f2spel 4Cors. Una fusi\u00f3 dels quatre cors que compartim director.<\/p><p>Com a G\u00f2spel 4 Cors organitzem concerts amb un nombre important de veus. Anualment, estretim els lla\u00e7os de cohesi\u00f3 dels seus membres amb una trobada de cap de setmana on compartim jocs, gresca, xerrades i s\u2019organitzen interessants tallers relacionats amb la m\u00fasica G\u00f2spel. Cap de setmana que no s\u2019oblida.<\/p><p>\u00a0<\/p><p>Hem actuat, entre molts d\u2019altres, en escenaris com el del Teatre Segarra, Teatre Romea, Auditori de CaixaForum, Teatre La Colmena, Auditori Can Roig i Torres, a l\u2019Auditori del F\u00f2rum i a l\u2019Auditori de les Gl\u00f2ries de Barcelona. En aquests dos \u00faltims s\u2019hi ha celebrat els concerts de GospelFest.<\/p><p>\u00a0<\/p><p>Gaudim cantant i compartint cadascuna de les can\u00e7ons, all\u00e0 on ens demanin, ja sigui festes majors, festes de barri, casals d\u2019avis, esgl\u00e9sies i altres esdeveniments solidaris, interpretant-les amb for\u00e7a i entusiasme.<\/p><p>\u00a0<\/p><p>L\u2019any 2023, la direcci\u00f3 dels cors va fer un gir quan el seu director, per raons personals va marxar.<\/p><p>\u00a0<\/p><p>Va marxar, per\u00f2 no ens va abandonar doncs ens va regalar la direcci\u00f3 de la Roser L\u00f3pez amb qui, a tots nivells, ens sentim afortunats. Amb el pas del temps hem crescut en nombre de cantaires, musicalment i en l\u2019entusiasme.<\/p><p>\u00a0<\/p><p>Volem seguir creixent, ens cal gent com tu. No t\u2019ho pensis. Vine a provar. A G\u00f2spel Santa Coloma t\u2019esperem.<\/p><p>\u00a0<\/p><p>Adre\u00e7a: carrer Mil\u00e0 i Fontanals 5<\/p><p>Horari: De 18:15h a 19:30h<\/p>\t\t\t\t\t\t\t\t<\/div>\n\t\t\t\t<\/div>\n\t\t\t\t\t<\/div>\n\t\t\t\t<\/div>\n\t\t<div class=\"elementor-element elementor-element-bd5f0c8 e-con-full e-flex e-con e-parent\" data-id=\"bd5f0c8\" data-element_type=\"container\" data-e-type=\"container\">\n\t\t\t\t<div class=\"elementor-element elementor-element-3d13047 elementor-widget elementor-widget-heading\" data-id=\"3d13047\" data-element_type=\"widget\" data-e-type=\"widget\" data-widget_type=\"heading.default\">\n\t\t\t\t<div class=\"elementor-widget-container\">\n\t\t\t\t\t<h2 class=\"elementor-heading-title elementor-size-default\">T\u2019agrada cantar i ballar?<br>\nT\u2019agrada el G\u00f2spel?<br>\nVine a provar a Bon Pas de Ball. <br>T\u2019ho passar\u00e0s pipa!\n\nS\u00ed vols provar escriu-nos a: <br> gospelsantacoloma@gmail.com<\/h2>\t\t\t\t<\/div>\n\t\t\t\t<\/div>\n\t\t\t\t<\/div>\n\t\t\t\t<\/div>\n\t\t","protected":false},"excerpt":{"rendered":"<p>Gospel Santa Coloma Contacto:\u00a0 gospelsantacoloma@gmail.com | Assaig: Dilluns de 20 a 21,30 h. |Metro: Santa Rosa, Santa Coloma, L1, L9N |Bus: B20, M19 Som G\u00f2spel Santa Coloma, una coral nascuda [&hellip;]<\/p>\n","protected":false},"author":1125,"featured_media":0,"parent":0,"menu_order":0,"comment_status":"closed","ping_status":"closed","template":"","meta":{"footnotes":""},"class_list":["post-11731","page","type-page","status-publish","hentry"],"_links":{"self":[{"href":"https:\/\/gospel4cors.net\/index.php?rest_route=\/wp\/v2\/pages\/11731","targetHints":{"allow":["GET"]}}],"collection":[{"href":"https:\/\/gospel4cors.net\/index.php?rest_route=\/wp\/v2\/pages"}],"about":[{"href":"https:\/\/gospel4cors.net\/index.php?rest_route=\/wp\/v2\/types\/page"}],"author":[{"embeddable":true,"href":"https:\/\/gospel4cors.net\/index.php?rest_route=\/wp\/v2\/users\/1125"}],"replies":[{"embeddable":true,"href":"https:\/\/gospel4cors.net\/index.php?rest_route=%2Fwp%2Fv2%2Fcomments&post=11731"}],"version-history":[{"count":0,"href":"https:\/\/gospel4cors.net\/index.php?rest_route=\/wp\/v2\/pages\/11731\/revisions"}],"wp:attachment":[{"href":"https:\/\/gospel4cors.net\/index.php?rest_route=%2Fwp%2Fv2%2Fmedia&parent=11731"}],"curies":[{"name":"wp","href":"https:\/\/api.w.org\/{rel}","templated":true}]}}