{"id":11700,"date":"2025-03-25T17:23:56","date_gmt":"2025-03-25T16:23:56","guid":{"rendered":"https:\/\/gospel4cors.net\/?page_id=11700"},"modified":"2025-04-09T07:47:30","modified_gmt":"2025-04-09T05:47:30","slug":"gospel-raval","status":"publish","type":"page","link":"https:\/\/gospel4cors.net\/?page_id=11700","title":{"rendered":"GOSPEL RAVAL"},"content":{"rendered":"\t\t<div data-elementor-type=\"wp-page\" data-elementor-id=\"11700\" class=\"elementor elementor-11700\" data-elementor-post-type=\"page\">\n\t\t\t\t<div class=\"elementor-element elementor-element-272849b8 e-con-full e-flex e-con e-parent\" data-id=\"272849b8\" data-element_type=\"container\" data-e-type=\"container\">\n\t\t\t\t<div class=\"elementor-element elementor-element-340e46f elementor-widget elementor-widget-image\" data-id=\"340e46f\" data-element_type=\"widget\" data-e-type=\"widget\" data-widget_type=\"image.default\">\n\t\t\t\t<div class=\"elementor-widget-container\">\n\t\t\t\t\t\t\t\t\t\t\t\t\t\t\t<img fetchpriority=\"high\" decoding=\"async\" width=\"1800\" height=\"863\" src=\"https:\/\/gospel4cors.net\/wp-content\/uploads\/2025\/03\/raval.webp\" class=\"attachment-full size-full wp-image-11710\" alt=\"\" srcset=\"https:\/\/gospel4cors.net\/wp-content\/uploads\/2025\/03\/raval.webp 1800w, https:\/\/gospel4cors.net\/wp-content\/uploads\/2025\/03\/raval-768x368.webp 768w, https:\/\/gospel4cors.net\/wp-content\/uploads\/2025\/03\/raval-1536x736.webp 1536w\" sizes=\"(max-width: 1800px) 100vw, 1800px\" \/>\t\t\t\t\t\t\t\t\t\t\t\t\t\t\t<\/div>\n\t\t\t\t<\/div>\n\t\t\t\t<\/div>\n\t\t<div class=\"elementor-element elementor-element-21ae2a84 e-flex e-con-boxed e-con e-parent\" data-id=\"21ae2a84\" data-element_type=\"container\" data-e-type=\"container\" data-settings=\"{&quot;background_background&quot;:&quot;classic&quot;}\">\n\t\t\t\t\t<div class=\"e-con-inner\">\n\t\t<div class=\"elementor-element elementor-element-75e794d8 e-con-full e-flex e-con e-child\" data-id=\"75e794d8\" data-element_type=\"container\" data-e-type=\"container\">\n\t\t\t\t<div class=\"elementor-element elementor-element-f9d60fe elementor-widget elementor-widget-image\" data-id=\"f9d60fe\" data-element_type=\"widget\" data-e-type=\"widget\" data-widget_type=\"image.default\">\n\t\t\t\t<div class=\"elementor-widget-container\">\n\t\t\t\t\t\t\t\t\t\t\t\t\t\t\t<img loading=\"lazy\" decoding=\"async\" width=\"768\" height=\"314\" src=\"https:\/\/gospel4cors.net\/wp-content\/uploads\/2025\/03\/logo_gospel_raval-768x314.jpg\" class=\"attachment-medium_large size-medium_large wp-image-11702\" alt=\"\" srcset=\"https:\/\/gospel4cors.net\/wp-content\/uploads\/2025\/03\/logo_gospel_raval-768x314.jpg 768w, https:\/\/gospel4cors.net\/wp-content\/uploads\/2025\/03\/logo_gospel_raval-1536x627.jpg 1536w, https:\/\/gospel4cors.net\/wp-content\/uploads\/2025\/03\/logo_gospel_raval.jpg 1744w\" sizes=\"auto, (max-width: 768px) 100vw, 768px\" loading=\"lazy\" \/ fetchpriority=\"low\">\t\t\t\t\t\t\t\t\t\t\t\t\t\t\t<\/div>\n\t\t\t\t<\/div>\n\t\t\t\t<div class=\"elementor-element elementor-element-c6554e3 elementor-widget elementor-widget-heading\" data-id=\"c6554e3\" data-element_type=\"widget\" data-e-type=\"widget\" data-widget_type=\"heading.default\">\n\t\t\t\t<div class=\"elementor-widget-container\">\n\t\t\t\t\t<h2 class=\"elementor-heading-title elementor-size-default\">GOSPEL RAVAL<\/h2>\t\t\t\t<\/div>\n\t\t\t\t<\/div>\n\t\t\t\t<div class=\"elementor-element elementor-element-322793a elementor-widget elementor-widget-text-editor\" data-id=\"322793a\" data-element_type=\"widget\" data-e-type=\"widget\" data-widget_type=\"text-editor.default\">\n\t\t\t\t<div class=\"elementor-widget-container\">\n\t\t\t\t\t\t\t\t\t<p>Centre C\u00edvic Drassanes Carrer Nou de les Rambles, 43 | <span style=\"font-weight: 400;\">Contacte: gospelraval@gmail.com<\/span><br \/><span style=\"font-weight: 400;\">\u00a0<\/span><span style=\"font-weight: 400;\">Assaig: Dilluns de 20 a 21,30 h. |<\/span>Metro L2 Paralel, L3 Drassanes o Paralel. | <span style=\"font-weight: 400;\">Bus:21, 120, V11, H14, D20<\/span><\/p>\t\t\t\t\t\t\t\t<\/div>\n\t\t\t\t<\/div>\n\t\t\t\t<\/div>\n\t\t\t\t\t<\/div>\n\t\t\t\t<\/div>\n\t\t<div class=\"elementor-element elementor-element-5a8c2c2 e-flex e-con-boxed e-con e-parent\" data-id=\"5a8c2c2\" data-element_type=\"container\" data-e-type=\"container\">\n\t\t\t\t\t<div class=\"e-con-inner\">\n\t\t\t\t<div class=\"elementor-element elementor-element-439b0c4 elementor-widget elementor-widget-text-editor\" data-id=\"439b0c4\" data-element_type=\"widget\" data-e-type=\"widget\" data-widget_type=\"text-editor.default\">\n\t\t\t\t<div class=\"elementor-widget-container\">\n\t\t\t\t\t\t\t\t\t<p>L\u2019octubre del 2012 Ramon Eslac\u00e9 va tenir la iniciativa de crear un grup de g\u00f2spel al barri del Raval amb l\u2019objectiu que els cantaires tinguessin\u00a0 diferents proced\u00e8ncies que reflectissin la diversitat cultural.<\/p><p>El primer director del cor va se el Jordi Cardona, que des de la seva joventut va saber dirigir un cor de gent amb moltes ganes de cantar g\u00f2spel, tot i que eren totalment inexperts, i de formar un grup que particip\u00e9s de la vida comunit\u00e0ria al barri.<\/p><p>Al llarg dels anys els cantaires\u00a0 han anat entrant i sortint del grup, per\u00f2 sempre ens ha mogut el gospel i el contacte entre les persones, la solidaritat i les ganes de tenir un espai de trobada que ens faci gaudir.<\/p><p>La participaci\u00f3 en els esdeveniments culturals del barri i en esdeveniments ben\u00e8fics \u00e9s un dels nostres trets caracter\u00edstics, sempre estem a punt quan es demana la nostra col\u00b7laboraci\u00f3.<\/p><p>Actualment la direcci\u00f3 est\u00e0 a c\u00e0rrec de la Roser L\u00f3pez\u00a0 qui amb la seva energia, t\u00e8cnica i ganes contagia les ganes de cantar gospel assaig rera assaig.<\/p>\t\t\t\t\t\t\t\t<\/div>\n\t\t\t\t<\/div>\n\t\t\t\t\t<\/div>\n\t\t\t\t<\/div>\n\t\t<div class=\"elementor-element elementor-element-bd5f0c8 e-con-full e-flex e-con e-parent\" data-id=\"bd5f0c8\" data-element_type=\"container\" data-e-type=\"container\">\n\t\t\t\t<div class=\"elementor-element elementor-element-3d13047 elementor-widget elementor-widget-heading\" data-id=\"3d13047\" data-element_type=\"widget\" data-e-type=\"widget\" data-widget_type=\"heading.default\">\n\t\t\t\t<div class=\"elementor-widget-container\">\n\t\t\t\t\t<h2 class=\"elementor-heading-title elementor-size-default\">T\u2019agrada cantar i ballar?<br>\nT\u2019agrada el G\u00f2spel?<br>\nVine a provar a Bon Pas de Ball. <br>T\u2019ho passar\u00e0s pipa!\n\nS\u00ed vols provar escriu-nos a: <br> gospelraval@gmail.com<\/h2>\t\t\t\t<\/div>\n\t\t\t\t<\/div>\n\t\t\t\t<\/div>\n\t\t\t\t<\/div>\n\t\t","protected":false},"excerpt":{"rendered":"<p>GOSPEL RAVAL Centre C\u00edvic Drassanes Carrer Nou de les Rambles, 43 | Contacte: gospelraval@gmail.com\u00a0Assaig: Dilluns de 20 a 21,30 h. |Metro L2 Paralel, L3 Drassanes o Paralel. | Bus:21, 120, [&hellip;]<\/p>\n","protected":false},"author":1125,"featured_media":0,"parent":0,"menu_order":0,"comment_status":"closed","ping_status":"closed","template":"","meta":{"footnotes":""},"class_list":["post-11700","page","type-page","status-publish","hentry"],"_links":{"self":[{"href":"https:\/\/gospel4cors.net\/index.php?rest_route=\/wp\/v2\/pages\/11700","targetHints":{"allow":["GET"]}}],"collection":[{"href":"https:\/\/gospel4cors.net\/index.php?rest_route=\/wp\/v2\/pages"}],"about":[{"href":"https:\/\/gospel4cors.net\/index.php?rest_route=\/wp\/v2\/types\/page"}],"author":[{"embeddable":true,"href":"https:\/\/gospel4cors.net\/index.php?rest_route=\/wp\/v2\/users\/1125"}],"replies":[{"embeddable":true,"href":"https:\/\/gospel4cors.net\/index.php?rest_route=%2Fwp%2Fv2%2Fcomments&post=11700"}],"version-history":[{"count":0,"href":"https:\/\/gospel4cors.net\/index.php?rest_route=\/wp\/v2\/pages\/11700\/revisions"}],"wp:attachment":[{"href":"https:\/\/gospel4cors.net\/index.php?rest_route=%2Fwp%2Fv2%2Fmedia&parent=11700"}],"curies":[{"name":"wp","href":"https:\/\/api.w.org\/{rel}","templated":true}]}}