{"id":10480,"date":"2025-03-17T11:11:48","date_gmt":"2025-03-17T10:11:48","guid":{"rendered":"https:\/\/gospel4cors.net\/?page_id=10480"},"modified":"2025-04-09T07:44:58","modified_gmt":"2025-04-09T05:44:58","slug":"gospel-bon-pastor","status":"publish","type":"page","link":"https:\/\/gospel4cors.net\/?page_id=10480","title":{"rendered":"GOSPEL BON PASTOR"},"content":{"rendered":"\t\t<div data-elementor-type=\"wp-page\" data-elementor-id=\"10480\" class=\"elementor elementor-10480\" data-elementor-post-type=\"page\">\n\t\t\t\t<div class=\"elementor-element elementor-element-272849b8 e-con-full e-flex e-con e-parent\" data-id=\"272849b8\" data-element_type=\"container\" data-e-type=\"container\">\n\t\t\t\t<div class=\"elementor-element elementor-element-340e46f elementor-widget elementor-widget-image\" data-id=\"340e46f\" data-element_type=\"widget\" data-e-type=\"widget\" data-widget_type=\"image.default\">\n\t\t\t\t<div class=\"elementor-widget-container\">\n\t\t\t\t\t\t\t\t\t\t\t\t\t\t\t<img fetchpriority=\"high\" decoding=\"async\" width=\"1800\" height=\"863\" src=\"https:\/\/gospel4cors.net\/wp-content\/uploads\/2025\/03\/bon-pastor.jpg\" class=\"attachment-full size-full wp-image-11722\" alt=\"\" srcset=\"https:\/\/gospel4cors.net\/wp-content\/uploads\/2025\/03\/bon-pastor.jpg 1800w, https:\/\/gospel4cors.net\/wp-content\/uploads\/2025\/03\/bon-pastor-768x368.jpg 768w, https:\/\/gospel4cors.net\/wp-content\/uploads\/2025\/03\/bon-pastor-1536x736.jpg 1536w\" sizes=\"(max-width: 1800px) 100vw, 1800px\" \/>\t\t\t\t\t\t\t\t\t\t\t\t\t\t\t<\/div>\n\t\t\t\t<\/div>\n\t\t\t\t<\/div>\n\t\t<div class=\"elementor-element elementor-element-21ae2a84 e-flex e-con-boxed e-con e-parent\" data-id=\"21ae2a84\" data-element_type=\"container\" data-e-type=\"container\" data-settings=\"{&quot;background_background&quot;:&quot;classic&quot;}\">\n\t\t\t\t\t<div class=\"e-con-inner\">\n\t\t<div class=\"elementor-element elementor-element-75e794d8 e-con-full e-flex e-con e-child\" data-id=\"75e794d8\" data-element_type=\"container\" data-e-type=\"container\">\n\t\t\t\t<div class=\"elementor-element elementor-element-f9d60fe elementor-widget elementor-widget-image\" data-id=\"f9d60fe\" data-element_type=\"widget\" data-e-type=\"widget\" data-widget_type=\"image.default\">\n\t\t\t\t<div class=\"elementor-widget-container\">\n\t\t\t\t\t\t\t\t\t\t\t\t\t\t\t<img loading=\"lazy\" decoding=\"async\" width=\"768\" height=\"768\" src=\"https:\/\/gospel4cors.net\/wp-content\/uploads\/2025\/03\/logo-2024-r-n-redondo-768x768.png\" class=\"attachment-medium_large size-medium_large wp-image-10488\" alt=\"\" srcset=\"https:\/\/gospel4cors.net\/wp-content\/uploads\/2025\/03\/logo-2024-r-n-redondo-768x768.png 768w, https:\/\/gospel4cors.net\/wp-content\/uploads\/2025\/03\/logo-2024-r-n-redondo.png 1035w\" sizes=\"auto, (max-width: 768px) 100vw, 768px\" loading=\"lazy\" \/ fetchpriority=\"low\">\t\t\t\t\t\t\t\t\t\t\t\t\t\t\t<\/div>\n\t\t\t\t<\/div>\n\t\t\t\t<div class=\"elementor-element elementor-element-c6554e3 elementor-widget elementor-widget-heading\" data-id=\"c6554e3\" data-element_type=\"widget\" data-e-type=\"widget\" data-widget_type=\"heading.default\">\n\t\t\t\t<div class=\"elementor-widget-container\">\n\t\t\t\t\t<h2 class=\"elementor-heading-title elementor-size-default\">GOSPEL BON PASTOR<\/h2>\t\t\t\t<\/div>\n\t\t\t\t<\/div>\n\t\t\t\t<div class=\"elementor-element elementor-element-322793a elementor-widget elementor-widget-text-editor\" data-id=\"322793a\" data-element_type=\"widget\" data-e-type=\"widget\" data-widget_type=\"text-editor.default\">\n\t\t\t\t<div class=\"elementor-widget-container\">\n\t\t\t\t\t\t\t\t\t<p><span style=\"font-weight: 400;\">Contacte: gospelbonpastor@gmail.com\u00a0 | <\/span><span style=\"font-weight: 400;\">Assaig: Dilluns de 20 a 21,30 h. | <\/span><span style=\"font-weight: 400;\">Metro: L9 i L10 nord | <\/span><span style=\"font-weight: 400;\">Bus: <\/span><span style=\"font-weight: 400;\">11<\/span><span style=\"font-weight: 400;\">, <\/span><span style=\"font-weight: 400;\">60<\/span><span style=\"font-weight: 400;\">, <\/span><span style=\"font-weight: 400;\">B24<\/span><span style=\"font-weight: 400;\">, <\/span><span style=\"font-weight: 400;\">H8<\/span><span style=\"font-weight: 400;\">, <\/span><span style=\"font-weight: 400;\">V33<\/span><\/p>\t\t\t\t\t\t\t\t<\/div>\n\t\t\t\t<\/div>\n\t\t\t\t<\/div>\n\t\t\t\t\t<\/div>\n\t\t\t\t<\/div>\n\t\t<div class=\"elementor-element elementor-element-5a8c2c2 e-flex e-con-boxed e-con e-parent\" data-id=\"5a8c2c2\" data-element_type=\"container\" data-e-type=\"container\">\n\t\t\t\t\t<div class=\"e-con-inner\">\n\t\t\t\t<div class=\"elementor-element elementor-element-439b0c4 elementor-widget elementor-widget-text-editor\" data-id=\"439b0c4\" data-element_type=\"widget\" data-e-type=\"widget\" data-widget_type=\"text-editor.default\">\n\t\t\t\t<div class=\"elementor-widget-container\">\n\t\t\t\t\t\t\t\t\t<p><span style=\"font-weight: 400;\">De la passi\u00f3 per la m\u00fasica de Francisco Ruiz Cantero, neix l\u2019octubre del 2011, com a taller de Gospel de l\u2019associaci\u00f3 Bon Pas de Ball del barri del Bon Pastor, el BonPas de Ball Gospel Grup.<br \/><\/span><span style=\"font-weight: 400;\"><br \/><\/span><span style=\"font-weight: 400;\">Despr\u00e9s de contactar amb diversos cors, va ser en Ram\u00f3n Escal\u00e9, director del Barcelona Gospel Messengers, que ens va contactar oferint-nos com a director del taller, una jove promesa de 22 anys anomenat Jordi Cardona. Tan bona sintonia hi va haver entre director i cantaires que la col\u00b7laboraci\u00f3 va durar 12 anys fins que per motius laborals va abandonar Barcelona. Abans de marxar ens va sorprendre oferint-nos una nova directora, una jove i t\u00edmida cantant del nostre cor germ\u00e0 Gospel Clot, Roser L\u00f3pez que ens ha encantat a tots per la seva capacitat de treball i fer-nos progressar com a cor, des del 2023 s\u2019ha convertit en la nostra directora.<br \/><\/span><span style=\"font-weight: 400;\"><br \/><\/span><span style=\"font-weight: 400;\">Despr\u00e9s de diversos anys units a Bon pas de Ball i ja com a Gospel Bon Pastor decidim associar-nos els 4 cors que tenim en com\u00fa director i repertori, Gospel Bon Pastor, Gospel Clot, Gospel Raval i Santa Coloma Gospel per aix\u00ed poder organitzar concerts de petit format cantant com a cor independent o de gran format, m\u00e9s de 100 cantaires col\u00b7laborant els 4 cors conjuntament i enomenant a aquesta formaci\u00f3 Gospel 4 Cors.<br \/><\/span><span style=\"font-weight: 400;\"><br \/><\/span><span style=\"font-weight: 400;\">A la nostra ja llarga traject\u00f2ria hem cantat en m\u00faltiples escenaris com l\u2019Auditori de CaixaForum, el Teatre Romea, l\u2019Auditori del F\u00f2rum, l\u2019Esgl\u00e9sia San Pedro de los Francos de Calatayud, Teatre Segarra, Auditori dels Jesuites del Clot, Orfe\u00f3 Martinenc, l\u2019Auditori de Barcelona, \u200b\u200bel Westerfield Les Gl\u00f2ries i per descomptat a la Festa Major del nostre barri Bon Pastor entre d\u2019altres.<br \/><\/span><span style=\"font-weight: 400;\"><br \/><\/span><span style=\"font-weight: 400;\">Som una entitat sense \u00e0nim de lucre que procurem cantar all\u00e0 on ens sol\u00b7licitin i per diferents causes, concerts solidaris, Casals de Gent Gran, Festes de barri, etc.\u00a0<\/span><\/p><p>\u00a0<\/p><p><span style=\"font-weight: 400;\">Entre d\u2019altres, hem col\u00b7laborat amb entitats com C\u00e0ritas, Fundaci\u00f3 CEL, Fundaci\u00f3 Gavina, AFANOC, Yamlaminim, Ajuntament de Calatayud, etc i hem participat a totes les edicions de GospelFest.<\/span><span style=\"font-weight: 400;\"><br \/><\/span><span style=\"font-weight: 400;\"><br \/><\/span><span style=\"font-weight: 400;\">Vols cantar amb nosaltres?<\/span><span style=\"font-weight: 400;\"><br \/><\/span><span style=\"font-weight: 400;\">Som un grup de <\/span><span style=\"font-weight: 400;\">\u201c<\/span><i><span style=\"font-weight: 400;\">quasi joves<\/span><\/i><span style=\"font-weight: 400;\">\u201c\u00a0 aficionats que compartim la passi\u00f3 per la m\u00fasica Gospel amb ganes d\u2019aprendre a cantar i passar-ho b\u00e9.<br \/><\/span><span style=\"font-weight: 400;\"><br \/><\/span><span style=\"font-weight: 400;\">S\u00f3n moltes les persones que han passat per aquest cor durant aquests anys, alguns malauradament ja no estan entre nosaltres, per\u00f2 els altres seguim sent com una segona fam\u00edlia.<\/span><span style=\"font-weight: 400;\"><br \/><\/span><span style=\"font-weight: 400;\"><br \/><\/span><span style=\"font-weight: 400;\">Eiiiii que no has de ser del Bon Pastor, ni tenir veu de Witney Huston o Pavarotti per cantar amb nosaltres, actualment som uns quants els que quedem d\u2019aquell inici del 2011 i per alguna cosa deu ser.<\/span><span style=\"font-weight: 400;\"><br \/><\/span><span style=\"font-weight: 400;\"><br \/><\/span><span style=\"font-weight: 400;\">T\u2019animes\u2026? T\u2019agrada cantar, passar-t\u2019ho b\u00e9, relacionar-te amb noves persones\u2026?<\/span><span style=\"font-weight: 400;\"><br \/><\/span><span style=\"font-weight: 400;\">No ho dubtis, passa\u2019t un dilluns de 20 a 21,30 h, per l\u2019Escola Bon Pastor i ens coneixes, tornar\u00e0s.<\/span><\/p>\t\t\t\t\t\t\t\t<\/div>\n\t\t\t\t<\/div>\n\t\t\t\t\t<\/div>\n\t\t\t\t<\/div>\n\t\t<div class=\"elementor-element elementor-element-bd5f0c8 e-con-full e-flex e-con e-parent\" data-id=\"bd5f0c8\" data-element_type=\"container\" data-e-type=\"container\">\n\t\t\t\t<div class=\"elementor-element elementor-element-3d13047 elementor-widget elementor-widget-heading\" data-id=\"3d13047\" data-element_type=\"widget\" data-e-type=\"widget\" data-widget_type=\"heading.default\">\n\t\t\t\t<div class=\"elementor-widget-container\">\n\t\t\t\t\t<h2 class=\"elementor-heading-title elementor-size-default\">T\u2019agrada cantar i ballar?<br>\nT\u2019agrada el G\u00f2spel?<br>\nVine a provar a Bon Pas de Ball. <br>T\u2019ho passar\u00e0s pipa!\n\nS\u00ed vols provar escriu-nos a: <br> gospelbonpastor@gmail.com<\/h2>\t\t\t\t<\/div>\n\t\t\t\t<\/div>\n\t\t\t\t<\/div>\n\t\t\t\t<\/div>\n\t\t","protected":false},"excerpt":{"rendered":"<p>GOSPEL BON PASTOR Contacte: gospelbonpastor@gmail.com\u00a0 | Assaig: Dilluns de 20 a 21,30 h. | Metro: L9 i L10 nord | Bus: 11, 60, B24, H8, V33 De la passi\u00f3 per [&hellip;]<\/p>\n","protected":false},"author":1125,"featured_media":0,"parent":0,"menu_order":0,"comment_status":"closed","ping_status":"closed","template":"","meta":{"footnotes":""},"class_list":["post-10480","page","type-page","status-publish","hentry"],"_links":{"self":[{"href":"https:\/\/gospel4cors.net\/index.php?rest_route=\/wp\/v2\/pages\/10480","targetHints":{"allow":["GET"]}}],"collection":[{"href":"https:\/\/gospel4cors.net\/index.php?rest_route=\/wp\/v2\/pages"}],"about":[{"href":"https:\/\/gospel4cors.net\/index.php?rest_route=\/wp\/v2\/types\/page"}],"author":[{"embeddable":true,"href":"https:\/\/gospel4cors.net\/index.php?rest_route=\/wp\/v2\/users\/1125"}],"replies":[{"embeddable":true,"href":"https:\/\/gospel4cors.net\/index.php?rest_route=%2Fwp%2Fv2%2Fcomments&post=10480"}],"version-history":[{"count":0,"href":"https:\/\/gospel4cors.net\/index.php?rest_route=\/wp\/v2\/pages\/10480\/revisions"}],"wp:attachment":[{"href":"https:\/\/gospel4cors.net\/index.php?rest_route=%2Fwp%2Fv2%2Fmedia&parent=10480"}],"curies":[{"name":"wp","href":"https:\/\/api.w.org\/{rel}","templated":true}]}}