{"id":10146,"date":"2025-03-15T15:06:57","date_gmt":"2025-03-15T14:06:57","guid":{"rendered":"https:\/\/gospel4cors.net\/?page_id=10146"},"modified":"2025-03-20T10:54:13","modified_gmt":"2025-03-20T09:54:13","slug":"trobades","status":"publish","type":"page","link":"https:\/\/gospel4cors.net\/?page_id=10146","title":{"rendered":"Trobades"},"content":{"rendered":"\t\t<div data-elementor-type=\"wp-page\" data-elementor-id=\"10146\" class=\"elementor elementor-10146\" data-elementor-post-type=\"page\">\n\t\t\t\t<div class=\"elementor-element elementor-element-4141fe0 e-con-full e-flex e-con e-parent\" data-id=\"4141fe0\" data-element_type=\"container\" data-e-type=\"container\">\n\t\t\t\t<div class=\"elementor-element elementor-element-38a62d1 elementor-widget elementor-widget-image\" data-id=\"38a62d1\" data-element_type=\"widget\" data-e-type=\"widget\" data-widget_type=\"image.default\">\n\t\t\t\t<div class=\"elementor-widget-container\">\n\t\t\t\t\t\t\t\t\t\t\t\t\t\t\t<img fetchpriority=\"high\" decoding=\"async\" width=\"1900\" height=\"621\" src=\"https:\/\/gospel4cors.net\/wp-content\/uploads\/2025\/03\/trovada.jpg\" class=\"attachment-full size-full wp-image-10179\" alt=\"\" srcset=\"https:\/\/gospel4cors.net\/wp-content\/uploads\/2025\/03\/trovada.jpg 1900w, https:\/\/gospel4cors.net\/wp-content\/uploads\/2025\/03\/trovada-768x251.jpg 768w, https:\/\/gospel4cors.net\/wp-content\/uploads\/2025\/03\/trovada-1536x502.jpg 1536w\" sizes=\"(max-width: 1900px) 100vw, 1900px\" \/>\t\t\t\t\t\t\t\t\t\t\t\t\t\t\t<\/div>\n\t\t\t\t<\/div>\n\t\t\t\t<\/div>\n\t\t<div class=\"elementor-element elementor-element-f7da7da e-flex e-con-boxed e-con e-parent\" data-id=\"f7da7da\" data-element_type=\"container\" data-e-type=\"container\">\n\t\t\t\t\t<div class=\"e-con-inner\">\n\t\t<div class=\"elementor-element elementor-element-22a7874 e-con-full e-flex e-con e-child\" data-id=\"22a7874\" data-element_type=\"container\" data-e-type=\"container\">\n\t\t\t\t<div class=\"elementor-element elementor-element-c92cf54 elementor-widget elementor-widget-heading\" data-id=\"c92cf54\" data-element_type=\"widget\" data-e-type=\"widget\" data-widget_type=\"heading.default\">\n\t\t\t\t<div class=\"elementor-widget-container\">\n\t\t\t\t\t<h2 class=\"elementor-heading-title elementor-size-default\">7\u00aa Trobada G\u00f2spel 4 Cors\n4-5 de maig de 2024<br>El Puig de Baleny\u00e0<\/h2>\t\t\t\t<\/div>\n\t\t\t\t<\/div>\n\t\t\t\t<div class=\"elementor-element elementor-element-d321281 elementor-widget elementor-widget-heading\" data-id=\"d321281\" data-element_type=\"widget\" data-e-type=\"widget\" data-widget_type=\"heading.default\">\n\t\t\t\t<div class=\"elementor-widget-container\">\n\t\t\t\t\t<h2 class=\"elementor-heading-title elementor-size-default\">Inscripcions Tancades<\/h2>\t\t\t\t<\/div>\n\t\t\t\t<\/div>\n\t\t\t\t<div class=\"elementor-element elementor-element-8a8c58f elementor-widget elementor-widget-n-accordion\" data-id=\"8a8c58f\" data-element_type=\"widget\" data-e-type=\"widget\" data-settings=\"{&quot;default_state&quot;:&quot;all_collapsed&quot;,&quot;max_items_expended&quot;:&quot;one&quot;,&quot;n_accordion_animation_duration&quot;:{&quot;unit&quot;:&quot;ms&quot;,&quot;size&quot;:400,&quot;sizes&quot;:[]}}\" data-widget_type=\"nested-accordion.default\">\n\t\t\t\t<div class=\"elementor-widget-container\">\n\t\t\t\t\t\t\t<div class=\"e-n-accordion\" aria-label=\"Accordion. Open links with Enter or Space, close with Escape, and navigate with Arrow Keys\">\n\t\t\t\t\t\t<details id=\"e-n-accordion-item-1450\" class=\"e-n-accordion-item\" >\n\t\t\t\t<summary class=\"e-n-accordion-item-title\" data-accordion-index=\"1\" tabindex=\"0\" aria-expanded=\"false\" aria-controls=\"e-n-accordion-item-1450\" >\n\t\t\t\t\t<span class='e-n-accordion-item-title-header'><div class=\"e-n-accordion-item-title-text\"> Informaci\u00f3: <\/div><\/span>\n\t\t\t\t\t\t\t<span class='e-n-accordion-item-title-icon'>\n\t\t\t<span class='e-opened' ><svg aria-hidden=\"true\" class=\"e-font-icon-svg e-fas-minus\" viewBox=\"0 0 448 512\" xmlns=\"http:\/\/www.w3.org\/2000\/svg\"><path d=\"M416 208H32c-17.67 0-32 14.33-32 32v32c0 17.67 14.33 32 32 32h384c17.67 0 32-14.33 32-32v-32c0-17.67-14.33-32-32-32z\"><\/path><\/svg><\/span>\n\t\t\t<span class='e-closed'><svg aria-hidden=\"true\" class=\"e-font-icon-svg e-fas-plus\" viewBox=\"0 0 448 512\" xmlns=\"http:\/\/www.w3.org\/2000\/svg\"><path d=\"M416 208H272V64c0-17.67-14.33-32-32-32h-32c-17.67 0-32 14.33-32 32v144H32c-17.67 0-32 14.33-32 32v32c0 17.67 14.33 32 32 32h144v144c0 17.67 14.33 32 32 32h32c17.67 0 32-14.33 32-32V304h144c17.67 0 32-14.33 32-32v-32c0-17.67-14.33-32-32-32z\"><\/path><\/svg><\/span>\n\t\t<\/span>\n\n\t\t\t\t\t\t<\/summary>\n\t\t\t\t<div role=\"region\" aria-labelledby=\"e-n-accordion-item-1450\" class=\"elementor-element elementor-element-0370af5 e-con-full e-flex e-con e-child\" data-id=\"0370af5\" data-element_type=\"container\" data-e-type=\"container\">\n\t\t\t\t<div class=\"elementor-element elementor-element-cc221a8 elementor-widget elementor-widget-text-editor\" data-id=\"cc221a8\" data-element_type=\"widget\" data-e-type=\"widget\" data-widget_type=\"text-editor.default\">\n\t\t\t\t<div class=\"elementor-widget-container\">\n\t\t\t\t\t\t\t\t\t<p>Qui pot participar de les Col\u00f2nies de la 7\u00aa Trobada de Gospel 4 Cors:<\/p><p>Tots els cantaires de m\u00e9s de 14 anys de qualsevol dels cors que integren Gospel4Cors\u00a0i que estiguin donats d\u2019alta, com a socis, a l\u2019ACG4C.\u00a0<\/p><p>(Els menors d\u2019edat hauran d\u2019aportar declaraci\u00f3 de la persona que se\u2019n fa responsable.)<\/p><p>Els acompanyants dels cantaires de qualsevol dels cors participants.<\/p><p>Les persones que no formen part dels cors (amics, familiars, etc) nom\u00e9s podran participar en la modalitat corresponent a \u201cDIUMENGE acompanyants\u201d.<\/p><p>Modalitats i tarifes:<\/p><p>Cap de les modalitats inclou l\u2019esmorzar ni el dinar de dissabte. Aquests \u00e0pats s\u00f3n a c\u00e0rrec dels assistents.<\/p><p>Opci\u00f3 1- COMPLET \u2026. 75 \u20ac<br \/>Inclou totes les activitats programades, l\u2019estada, els \u00e0pats contractats (sopar de dissabte, esmorzar i dinar de diumenge), la samarreta i el kit de complements.<\/p><p>Opci\u00f3 2 \u2013 DISSABTE \u2026.\u00a0 35 \u20ac<br \/>Inclou les activitats programades de dissabte, la samarreta i el kit de complements. No inclou cap \u00e0pat.<\/p><p>Opci\u00f3 3 \u2013 DIUMENGE cantaires\u2026. 35 \u20ac<br \/>Inclou les activitats programades de diumenge, el dinar, la samarreta i el kit de complements.<\/p><p>Opci\u00f3 4 \u2013 DIUMENGE acompanyants\u2026. 15 \u20ac<br \/>Inclou el dinar.<br \/>Opcionalment, es podr\u00e0 adquirir la samarreta de la Trobada per\u00a0 5 \u20ac.<\/p><p>Inscripcions:<\/p><p>Es faran obligat\u00f2riament a trav\u00e9s d\u2019Internet mitjan\u00e7ant aquest formulari:<\/p><p>Dates d\u2019inscripci\u00f3 per a totes les modalitats :<\/p><p>del 1 al 29 de mar\u00e7 de 2024 (o fins exhaurir les places disponibles)<\/p><p>Condicions:<\/p><p>Nom\u00e9s es considerar\u00e0 confirmada la inscripci\u00f3 un cop s\u2019hagi omplert i enviat el formulari corresponent i efectuat el pagament de la reserva\u00a0al responsable del vostre cor, o pels mitjans de pagament electr\u00f2nic establerts per aquest esdeveniment.\u00a0Sense aquests dos requisits la inscripci\u00f3 NO ser\u00e0 v\u00e0lida.<\/p><p>EN CAP CAS ES RETORNAR\u00c0 L\u2019IMPORT DE LA PRE-INSCRIPCI\u00d3 PER BAIXES NO COBERTES.<\/p><p>La resta de l\u2019import pendent s\u2019abonar\u00e0 a la taula de benvinguda, en el proc\u00e8s d\u2019acreditaci\u00f3 el mateix dia de la Trobada un cop arribeu al punt de reuni\u00f3 indicat a tal efecte, o amb anterioritat al dia de la Trobada.<\/p><p>\u00a0 Transport p\u00fablic. Consulteu els horaris de la l\u00ednea R3 de Rodalies<\/p><p>Atenci\u00f3: Enguany, el tema del transport p\u00fablic est\u00e0 complicat i, per tant, no farem recollides a l\u2019estaci\u00f3 de Renfe. Ens organitzarem per tal que tots els cantaires puguin pujar i baixar amb un cotxe o altre.<\/p>\t\t\t\t\t\t\t\t<\/div>\n\t\t\t\t<\/div>\n\t\t\t\t<\/div>\n\t\t\t\t\t<\/details>\n\t\t\t\t\t<\/div>\n\t\t\t\t\t\t<\/div>\n\t\t\t\t<\/div>\n\t\t\t\t<\/div>\n\t\t<div class=\"elementor-element elementor-element-188bb97 e-con-full e-flex e-con e-child\" data-id=\"188bb97\" data-element_type=\"container\" data-e-type=\"container\">\n\t\t<div class=\"elementor-element elementor-element-c9dc86d e-con-full e-flex e-con e-child\" data-id=\"c9dc86d\" data-element_type=\"container\" data-e-type=\"container\">\n\t\t<div class=\"elementor-element elementor-element-6a87f57 e-con-full e-flex e-con e-child\" data-id=\"6a87f57\" data-element_type=\"container\" data-e-type=\"container\">\n\t\t\t\t<div class=\"elementor-element elementor-element-ac5af21 elementor-widget elementor-widget-image\" data-id=\"ac5af21\" data-element_type=\"widget\" data-e-type=\"widget\" data-widget_type=\"image.default\">\n\t\t\t\t<div class=\"elementor-widget-container\">\n\t\t\t\t\t\t\t\t\t\t\t\t\t\t\t<img loading=\"lazy\" decoding=\"async\" width=\"719\" height=\"480\" src=\"https:\/\/gospel4cors.net\/wp-content\/uploads\/2023\/01\/puig2.jpg\" class=\"attachment-large size-large wp-image-7402\" alt=\"\" loading=\"lazy\" \/ fetchpriority=\"low\">\t\t\t\t\t\t\t\t\t\t\t\t\t\t\t<\/div>\n\t\t\t\t<\/div>\n\t\t\t\t<\/div>\n\t\t<div class=\"elementor-element elementor-element-542a432 e-con-full e-flex e-con e-child\" data-id=\"542a432\" data-element_type=\"container\" data-e-type=\"container\">\n\t\t\t\t<div class=\"elementor-element elementor-element-10d7f7d elementor-widget elementor-widget-image\" data-id=\"10d7f7d\" data-element_type=\"widget\" data-e-type=\"widget\" data-widget_type=\"image.default\">\n\t\t\t\t<div class=\"elementor-widget-container\">\n\t\t\t\t\t\t\t\t\t\t\t\t\t\t\t<img loading=\"lazy\" decoding=\"async\" width=\"719\" height=\"480\" src=\"https:\/\/gospel4cors.net\/wp-content\/uploads\/2023\/01\/puig1.jpg\" class=\"attachment-large size-large wp-image-7401\" alt=\"\" loading=\"lazy\" \/ fetchpriority=\"low\">\t\t\t\t\t\t\t\t\t\t\t\t\t\t\t<\/div>\n\t\t\t\t<\/div>\n\t\t\t\t<\/div>\n\t\t\t\t<\/div>\n\t\t\t\t<\/div>\n\t\t\t\t\t<\/div>\n\t\t\t\t<\/div>\n\t\t<div class=\"elementor-element elementor-element-629109d e-flex e-con-boxed e-con e-parent\" data-id=\"629109d\" data-element_type=\"container\" data-e-type=\"container\">\n\t\t\t\t\t<div class=\"e-con-inner\">\n\t\t\t\t<div class=\"elementor-element elementor-element-379b95a elementor-widget-divider--view-line elementor-widget elementor-widget-divider\" data-id=\"379b95a\" data-element_type=\"widget\" data-e-type=\"widget\" data-widget_type=\"divider.default\">\n\t\t\t\t<div class=\"elementor-widget-container\">\n\t\t\t\t\t\t\t<div class=\"elementor-divider\">\n\t\t\t<span class=\"elementor-divider-separator\">\n\t\t\t\t\t\t<\/span>\n\t\t<\/div>\n\t\t\t\t\t\t<\/div>\n\t\t\t\t<\/div>\n\t\t\t\t\t<\/div>\n\t\t\t\t<\/div>\n\t\t<div class=\"elementor-element elementor-element-246cfaf e-flex e-con-boxed e-con e-parent\" data-id=\"246cfaf\" data-element_type=\"container\" data-e-type=\"container\">\n\t\t\t\t\t<div class=\"e-con-inner\">\n\t\t<div class=\"elementor-element elementor-element-8203da9 e-con-full e-flex e-con e-child\" data-id=\"8203da9\" data-element_type=\"container\" data-e-type=\"container\">\n\t\t\t\t<div class=\"elementor-element elementor-element-67453f5 elementor-widget elementor-widget-heading\" data-id=\"67453f5\" data-element_type=\"widget\" data-e-type=\"widget\" data-widget_type=\"heading.default\">\n\t\t\t\t<div class=\"elementor-widget-container\">\n\t\t\t\t\t<h2 class=\"elementor-heading-title elementor-size-default\">6\u00aa Trobada G\u00f2spel 4 Cors\n3-4 de juny de 2023<br> El Puig de Baleny\u00e0<\/h2>\t\t\t\t<\/div>\n\t\t\t\t<\/div>\n\t\t\t\t<\/div>\n\t\t<div class=\"elementor-element elementor-element-da512c9 e-con-full e-flex e-con e-child\" data-id=\"da512c9\" data-element_type=\"container\" data-e-type=\"container\">\n\t\t<div class=\"elementor-element elementor-element-065b958 e-con-full e-flex e-con e-child\" data-id=\"065b958\" data-element_type=\"container\" data-e-type=\"container\">\n\t\t<div class=\"elementor-element elementor-element-3243bc0 e-con-full e-flex e-con e-child\" data-id=\"3243bc0\" data-element_type=\"container\" data-e-type=\"container\">\n\t\t\t\t<div class=\"elementor-element elementor-element-5386eac elementor-widget elementor-widget-image\" data-id=\"5386eac\" data-element_type=\"widget\" data-e-type=\"widget\" data-widget_type=\"image.default\">\n\t\t\t\t<div class=\"elementor-widget-container\">\n\t\t\t\t\t\t\t\t\t\t\t\t\t\t\t<img loading=\"lazy\" decoding=\"async\" width=\"719\" height=\"480\" src=\"https:\/\/gospel4cors.net\/wp-content\/uploads\/2023\/01\/puig2.jpg\" class=\"attachment-large size-large wp-image-7402\" alt=\"\" loading=\"lazy\" \/ fetchpriority=\"low\">\t\t\t\t\t\t\t\t\t\t\t\t\t\t\t<\/div>\n\t\t\t\t<\/div>\n\t\t\t\t<\/div>\n\t\t<div class=\"elementor-element elementor-element-57e05e6 e-con-full e-flex e-con e-child\" data-id=\"57e05e6\" data-element_type=\"container\" data-e-type=\"container\">\n\t\t\t\t<div class=\"elementor-element elementor-element-9003bd2 elementor-widget elementor-widget-image\" data-id=\"9003bd2\" data-element_type=\"widget\" data-e-type=\"widget\" data-widget_type=\"image.default\">\n\t\t\t\t<div class=\"elementor-widget-container\">\n\t\t\t\t\t\t\t\t\t\t\t\t\t\t\t<img loading=\"lazy\" decoding=\"async\" width=\"719\" height=\"480\" src=\"https:\/\/gospel4cors.net\/wp-content\/uploads\/2023\/01\/puig1.jpg\" class=\"attachment-large size-large wp-image-7401\" alt=\"\" loading=\"lazy\" \/ fetchpriority=\"low\">\t\t\t\t\t\t\t\t\t\t\t\t\t\t\t<\/div>\n\t\t\t\t<\/div>\n\t\t\t\t<\/div>\n\t\t\t\t<\/div>\n\t\t\t\t<\/div>\n\t\t\t\t\t<\/div>\n\t\t\t\t<\/div>\n\t\t<div class=\"elementor-element elementor-element-1debbe3 e-flex e-con-boxed e-con e-parent\" data-id=\"1debbe3\" data-element_type=\"container\" data-e-type=\"container\">\n\t\t\t\t\t<div class=\"e-con-inner\">\n\t\t\t\t<div class=\"elementor-element elementor-element-98c2a16 elementor-widget-divider--view-line elementor-widget elementor-widget-divider\" data-id=\"98c2a16\" data-element_type=\"widget\" data-e-type=\"widget\" data-widget_type=\"divider.default\">\n\t\t\t\t<div class=\"elementor-widget-container\">\n\t\t\t\t\t\t\t<div class=\"elementor-divider\">\n\t\t\t<span class=\"elementor-divider-separator\">\n\t\t\t\t\t\t<\/span>\n\t\t<\/div>\n\t\t\t\t\t\t<\/div>\n\t\t\t\t<\/div>\n\t\t\t\t\t<\/div>\n\t\t\t\t<\/div>\n\t\t<div class=\"elementor-element elementor-element-ef4e3ea e-flex e-con-boxed e-con e-parent\" data-id=\"ef4e3ea\" data-element_type=\"container\" data-e-type=\"container\" data-settings=\"{&quot;background_background&quot;:&quot;classic&quot;}\">\n\t\t\t\t\t<div class=\"e-con-inner\">\n\t\t<div class=\"elementor-element elementor-element-b9bae6b e-con-full e-flex e-con e-child\" data-id=\"b9bae6b\" data-element_type=\"container\" data-e-type=\"container\">\n\t\t\t\t<div class=\"elementor-element elementor-element-f7953b5 elementor-widget elementor-widget-heading\" data-id=\"f7953b5\" data-element_type=\"widget\" data-e-type=\"widget\" data-widget_type=\"heading.default\">\n\t\t\t\t<div class=\"elementor-widget-container\">\n\t\t\t\t\t<h2 class=\"elementor-heading-title elementor-size-default\">5\u00aa Trobada Gospel 4 Cors\n5 -6 octubre  2019 \n<\/h2>\t\t\t\t<\/div>\n\t\t\t\t<\/div>\n\t\t\t\t<\/div>\n\t\t<div class=\"elementor-element elementor-element-d64353b e-con-full e-flex e-con e-child\" data-id=\"d64353b\" data-element_type=\"container\" data-e-type=\"container\">\n\t\t<div class=\"elementor-element elementor-element-1abd3e4 e-con-full e-flex e-con e-child\" data-id=\"1abd3e4\" data-element_type=\"container\" data-e-type=\"container\">\n\t\t<div class=\"elementor-element elementor-element-4cfb4d0 e-con-full e-flex e-con e-child\" data-id=\"4cfb4d0\" data-element_type=\"container\" data-e-type=\"container\">\n\t\t\t\t<div class=\"elementor-element elementor-element-8a80e89 elementor-widget elementor-widget-image\" data-id=\"8a80e89\" data-element_type=\"widget\" data-e-type=\"widget\" data-widget_type=\"image.default\">\n\t\t\t\t<div class=\"elementor-widget-container\">\n\t\t\t\t\t\t\t\t\t\t\t\t\t\t\t<img loading=\"lazy\" decoding=\"async\" width=\"400\" height=\"300\" src=\"https:\/\/gospel4cors.net\/wp-content\/uploads\/2019\/07\/moncau.jpg\" class=\"attachment-large size-large wp-image-3671\" alt=\"\" loading=\"lazy\" \/ fetchpriority=\"low\">\t\t\t\t\t\t\t\t\t\t\t\t\t\t\t<\/div>\n\t\t\t\t<\/div>\n\t\t\t\t<\/div>\n\t\t<div class=\"elementor-element elementor-element-01bc175 e-con-full e-flex e-con e-child\" data-id=\"01bc175\" data-element_type=\"container\" data-e-type=\"container\">\n\t\t\t\t<\/div>\n\t\t\t\t<\/div>\n\t\t\t\t<\/div>\n\t\t\t\t\t<\/div>\n\t\t\t\t<\/div>\n\t\t<div class=\"elementor-element elementor-element-bd122c7 e-flex e-con-boxed e-con e-parent\" data-id=\"bd122c7\" data-element_type=\"container\" data-e-type=\"container\">\n\t\t\t\t\t<div class=\"e-con-inner\">\n\t\t\t\t<div class=\"elementor-element elementor-element-0dea8b5 elementor-widget-divider--view-line elementor-widget elementor-widget-divider\" data-id=\"0dea8b5\" data-element_type=\"widget\" data-e-type=\"widget\" data-widget_type=\"divider.default\">\n\t\t\t\t<div class=\"elementor-widget-container\">\n\t\t\t\t\t\t\t<div class=\"elementor-divider\">\n\t\t\t<span class=\"elementor-divider-separator\">\n\t\t\t\t\t\t<\/span>\n\t\t<\/div>\n\t\t\t\t\t\t<\/div>\n\t\t\t\t<\/div>\n\t\t\t\t\t<\/div>\n\t\t\t\t<\/div>\n\t\t<div class=\"elementor-element elementor-element-503c097 e-flex e-con-boxed e-con e-parent\" data-id=\"503c097\" data-element_type=\"container\" data-e-type=\"container\" data-settings=\"{&quot;background_background&quot;:&quot;classic&quot;}\">\n\t\t\t\t\t<div class=\"e-con-inner\">\n\t\t<div class=\"elementor-element elementor-element-2527dfa e-con-full e-flex e-con e-child\" data-id=\"2527dfa\" data-element_type=\"container\" data-e-type=\"container\">\n\t\t\t\t<div class=\"elementor-element elementor-element-012747c elementor-widget elementor-widget-heading\" data-id=\"012747c\" data-element_type=\"widget\" data-e-type=\"widget\" data-widget_type=\"heading.default\">\n\t\t\t\t<div class=\"elementor-widget-container\">\n\t\t\t\t\t<h2 class=\"elementor-heading-title elementor-size-default\">4\u00aa Trobada de Gospel 4 Cors\n6-7 octubre 2018 \n\n<\/h2>\t\t\t\t<\/div>\n\t\t\t\t<\/div>\n\t\t\t\t<\/div>\n\t\t<div class=\"elementor-element elementor-element-fbfa0b9 e-con-full e-flex e-con e-child\" data-id=\"fbfa0b9\" data-element_type=\"container\" data-e-type=\"container\">\n\t\t<div class=\"elementor-element elementor-element-46dd6bd e-con-full e-flex e-con e-child\" data-id=\"46dd6bd\" data-element_type=\"container\" data-e-type=\"container\">\n\t\t<div class=\"elementor-element elementor-element-a015503 e-con-full e-flex e-con e-child\" data-id=\"a015503\" data-element_type=\"container\" data-e-type=\"container\">\n\t\t\t\t<div class=\"elementor-element elementor-element-c3fc0e8 elementor-widget elementor-widget-image\" data-id=\"c3fc0e8\" data-element_type=\"widget\" data-e-type=\"widget\" data-widget_type=\"image.default\">\n\t\t\t\t<div class=\"elementor-widget-container\">\n\t\t\t\t\t\t\t\t\t\t\t\t\t\t\t<img loading=\"lazy\" decoding=\"async\" width=\"505\" height=\"392\" src=\"https:\/\/gospel4cors.net\/wp-content\/uploads\/2018\/03\/header_bg.png\" class=\"attachment-large size-large wp-image-2295\" alt=\"\" loading=\"lazy\" \/ fetchpriority=\"low\">\t\t\t\t\t\t\t\t\t\t\t\t\t\t\t<\/div>\n\t\t\t\t<\/div>\n\t\t\t\t<\/div>\n\t\t<div class=\"elementor-element elementor-element-32ce1ba e-con-full e-flex e-con e-child\" data-id=\"32ce1ba\" data-element_type=\"container\" data-e-type=\"container\">\n\t\t\t\t<\/div>\n\t\t\t\t<\/div>\n\t\t\t\t<\/div>\n\t\t\t\t\t<\/div>\n\t\t\t\t<\/div>\n\t\t\t\t<\/div>\n\t\t","protected":false},"excerpt":{"rendered":"<p>7\u00aa Trobada G\u00f2spel 4 Cors 4-5 de maig de 2024El Puig de Baleny\u00e0 Inscripcions Tancades Informaci\u00f3: Qui pot participar de les Col\u00f2nies de la 7\u00aa Trobada de Gospel 4 Cors: [&hellip;]<\/p>\n","protected":false},"author":1125,"featured_media":0,"parent":0,"menu_order":0,"comment_status":"closed","ping_status":"closed","template":"elementor_header_footer","meta":{"footnotes":""},"class_list":["post-10146","page","type-page","status-publish","hentry"],"_links":{"self":[{"href":"https:\/\/gospel4cors.net\/index.php?rest_route=\/wp\/v2\/pages\/10146","targetHints":{"allow":["GET"]}}],"collection":[{"href":"https:\/\/gospel4cors.net\/index.php?rest_route=\/wp\/v2\/pages"}],"about":[{"href":"https:\/\/gospel4cors.net\/index.php?rest_route=\/wp\/v2\/types\/page"}],"author":[{"embeddable":true,"href":"https:\/\/gospel4cors.net\/index.php?rest_route=\/wp\/v2\/users\/1125"}],"replies":[{"embeddable":true,"href":"https:\/\/gospel4cors.net\/index.php?rest_route=%2Fwp%2Fv2%2Fcomments&post=10146"}],"version-history":[{"count":0,"href":"https:\/\/gospel4cors.net\/index.php?rest_route=\/wp\/v2\/pages\/10146\/revisions"}],"wp:attachment":[{"href":"https:\/\/gospel4cors.net\/index.php?rest_route=%2Fwp%2Fv2%2Fmedia&parent=10146"}],"curies":[{"name":"wp","href":"https:\/\/api.w.org\/{rel}","templated":true}]}}