{"id":10014,"date":"2025-03-15T09:49:23","date_gmt":"2025-03-15T08:49:23","guid":{"rendered":"https:\/\/gospel4cors.net\/?page_id=10014"},"modified":"2025-04-09T08:17:57","modified_gmt":"2025-04-09T06:17:57","slug":"assemblees-acg4c","status":"publish","type":"page","link":"https:\/\/gospel4cors.net\/?page_id=10014","title":{"rendered":"ASSEMBLEES ACG4C"},"content":{"rendered":"\t\t<div data-elementor-type=\"wp-page\" data-elementor-id=\"10014\" class=\"elementor elementor-10014\" data-elementor-post-type=\"page\">\n\t\t\t\t<div class=\"elementor-element elementor-element-10eb991 e-flex e-con-boxed e-con e-parent\" data-id=\"10eb991\" data-element_type=\"container\" data-e-type=\"container\">\n\t\t\t\t\t<div class=\"e-con-inner\">\n\t\t\t\t<div class=\"elementor-element elementor-element-c830827 elementor-widget elementor-widget-image\" data-id=\"c830827\" data-element_type=\"widget\" data-e-type=\"widget\" data-widget_type=\"image.default\">\n\t\t\t\t<div class=\"elementor-widget-container\">\n\t\t\t\t\t\t\t\t\t\t\t\t\t\t\t<img fetchpriority=\"high\" decoding=\"async\" width=\"1920\" height=\"400\" src=\"https:\/\/gospel4cors.net\/wp-content\/uploads\/2025\/03\/baner-descargas.webp\" class=\"attachment-large size-large wp-image-9057\" alt=\"baner-descargas\" srcset=\"https:\/\/gospel4cors.net\/wp-content\/uploads\/2025\/03\/baner-descargas.webp 1920w, https:\/\/gospel4cors.net\/wp-content\/uploads\/2025\/03\/baner-descargas-768x160.webp 768w, https:\/\/gospel4cors.net\/wp-content\/uploads\/2025\/03\/baner-descargas-1536x320.webp 1536w\" sizes=\"(max-width: 1920px) 100vw, 1920px\" \/>\t\t\t\t\t\t\t\t\t\t\t\t\t\t\t<\/div>\n\t\t\t\t<\/div>\n\t\t\t\t\t<\/div>\n\t\t\t\t<\/div>\n\t\t<div class=\"elementor-element elementor-element-0f6e7df e-flex e-con-boxed e-con e-parent\" data-id=\"0f6e7df\" data-element_type=\"container\" data-e-type=\"container\">\n\t\t\t\t\t<div class=\"e-con-inner\">\n\t\t<div class=\"elementor-element elementor-element-770bd32 e-con-full e-flex e-con e-child\" data-id=\"770bd32\" data-element_type=\"container\" data-e-type=\"container\">\n\t\t\t\t<div class=\"elementor-element elementor-element-de73221 elementor-widget elementor-widget-image\" data-id=\"de73221\" data-element_type=\"widget\" data-e-type=\"widget\" data-widget_type=\"image.default\">\n\t\t\t\t<div class=\"elementor-widget-container\">\n\t\t\t\t\t\t\t\t\t\t\t\t\t\t\t<img loading=\"lazy\" decoding=\"async\" width=\"694\" height=\"500\" src=\"https:\/\/gospel4cors.net\/wp-content\/uploads\/2019\/10\/Logo_acg4c.png\" class=\"attachment-large size-large wp-image-3829\" alt=\"\" loading=\"lazy\" \/ fetchpriority=\"low\">\t\t\t\t\t\t\t\t\t\t\t\t\t\t\t<\/div>\n\t\t\t\t<\/div>\n\t\t\t\t<\/div>\n\t\t<div class=\"elementor-element elementor-element-d2a15d5 e-con-full e-flex e-con e-child\" data-id=\"d2a15d5\" data-element_type=\"container\" data-e-type=\"container\">\n\t\t\t\t<div class=\"elementor-element elementor-element-c147903 elementor-widget elementor-widget-heading\" data-id=\"c147903\" data-element_type=\"widget\" data-e-type=\"widget\" data-widget_type=\"heading.default\">\n\t\t\t\t<div class=\"elementor-widget-container\">\n\t\t\t\t\t<h2 class=\"elementor-heading-title elementor-size-default\">ASSEMBLEES del ACG4C<\/h2>\t\t\t\t<\/div>\n\t\t\t\t<\/div>\n\t\t\t\t<div class=\"elementor-element elementor-element-8c5f525 elementor-widget elementor-widget-n-accordion\" data-id=\"8c5f525\" data-element_type=\"widget\" data-e-type=\"widget\" data-settings=\"{&quot;default_state&quot;:&quot;all_collapsed&quot;,&quot;max_items_expended&quot;:&quot;one&quot;,&quot;n_accordion_animation_duration&quot;:{&quot;unit&quot;:&quot;ms&quot;,&quot;size&quot;:400,&quot;sizes&quot;:[]}}\" data-widget_type=\"nested-accordion.default\">\n\t\t\t\t<div class=\"elementor-widget-container\">\n\t\t\t\t\t\t\t<div class=\"e-n-accordion\" aria-label=\"Accordion. Open links with Enter or Space, close with Escape, and navigate with Arrow Keys\">\n\t\t\t\t\t\t<details id=\"e-n-accordion-item-1470\" class=\"e-n-accordion-item\" >\n\t\t\t\t<summary class=\"e-n-accordion-item-title\" data-accordion-index=\"1\" tabindex=\"0\" aria-expanded=\"false\" aria-controls=\"e-n-accordion-item-1470\" >\n\t\t\t\t\t<span class='e-n-accordion-item-title-header'><div class=\"e-n-accordion-item-title-text\"> ASSEMBLEA GENERAL ORDIN\u00c0RIA Barcelona, <br>22 de gener de 2025 <\/div><\/span>\n\t\t\t\t\t\t\t<span class='e-n-accordion-item-title-icon'>\n\t\t\t<span class='e-opened' ><svg aria-hidden=\"true\" class=\"e-font-icon-svg e-fas-minus\" viewBox=\"0 0 448 512\" xmlns=\"http:\/\/www.w3.org\/2000\/svg\"><path d=\"M416 208H32c-17.67 0-32 14.33-32 32v32c0 17.67 14.33 32 32 32h384c17.67 0 32-14.33 32-32v-32c0-17.67-14.33-32-32-32z\"><\/path><\/svg><\/span>\n\t\t\t<span class='e-closed'><svg aria-hidden=\"true\" class=\"e-font-icon-svg e-fas-plus\" viewBox=\"0 0 448 512\" xmlns=\"http:\/\/www.w3.org\/2000\/svg\"><path d=\"M416 208H272V64c0-17.67-14.33-32-32-32h-32c-17.67 0-32 14.33-32 32v144H32c-17.67 0-32 14.33-32 32v32c0 17.67 14.33 32 32 32h144v144c0 17.67 14.33 32 32 32h32c17.67 0 32-14.33 32-32V304h144c17.67 0 32-14.33 32-32v-32c0-17.67-14.33-32-32-32z\"><\/path><\/svg><\/span>\n\t\t<\/span>\n\n\t\t\t\t\t\t<\/summary>\n\t\t\t\t<div role=\"region\" aria-labelledby=\"e-n-accordion-item-1470\" class=\"elementor-element elementor-element-4ef2554 e-con-full e-flex e-con e-child\" data-id=\"4ef2554\" data-element_type=\"container\" data-e-type=\"container\">\n\t\t\t\t<div class=\"elementor-element elementor-element-147359a elementor-widget elementor-widget-text-editor\" data-id=\"147359a\" data-element_type=\"widget\" data-e-type=\"widget\" data-widget_type=\"text-editor.default\">\n\t\t\t\t<div class=\"elementor-widget-container\">\n\t\t\t\t\t\t\t\t\t<p><a href=\"https:\/\/gospel4cors.net\/wp-content\/uploads\/2025\/04\/acta-_01_2025.pdf\" target=\"_blank\" rel=\"noopener\">Veure acta<\/a><\/p>\t\t\t\t\t\t\t\t<\/div>\n\t\t\t\t<\/div>\n\t\t\t\t<div class=\"elementor-element elementor-element-8198952 elementor-widget elementor-widget-text-editor\" data-id=\"8198952\" data-element_type=\"widget\" data-e-type=\"widget\" data-widget_type=\"text-editor.default\">\n\t\t\t\t<div class=\"elementor-widget-container\">\n\t\t\t\t\t\t\t\t\t<p><span style=\"text-decoration: underline;\"><a href=\"https:\/\/gospel4cors.net\/wp-content\/uploads\/2025\/04\/Assemblea-2025.pdf\">Veure Assemblea 2025<\/a><\/span><\/p>\t\t\t\t\t\t\t\t<\/div>\n\t\t\t\t<\/div>\n\t\t\t\t<\/div>\n\t\t\t\t\t<\/details>\n\t\t\t\t\t\t<details id=\"e-n-accordion-item-1471\" class=\"e-n-accordion-item\" >\n\t\t\t\t<summary class=\"e-n-accordion-item-title\" data-accordion-index=\"2\" tabindex=\"-1\" aria-expanded=\"false\" aria-controls=\"e-n-accordion-item-1471\" >\n\t\t\t\t\t<span class='e-n-accordion-item-title-header'><div class=\"e-n-accordion-item-title-text\"> Assemblees General Ordin\u00e0ria al Clot<br>10\/01\/2024 (aquest esdeveniment ja ha passat) <\/div><\/span>\n\t\t\t\t\t\t\t<span class='e-n-accordion-item-title-icon'>\n\t\t\t<span class='e-opened' ><svg aria-hidden=\"true\" class=\"e-font-icon-svg e-fas-minus\" viewBox=\"0 0 448 512\" xmlns=\"http:\/\/www.w3.org\/2000\/svg\"><path d=\"M416 208H32c-17.67 0-32 14.33-32 32v32c0 17.67 14.33 32 32 32h384c17.67 0 32-14.33 32-32v-32c0-17.67-14.33-32-32-32z\"><\/path><\/svg><\/span>\n\t\t\t<span class='e-closed'><svg aria-hidden=\"true\" class=\"e-font-icon-svg e-fas-plus\" viewBox=\"0 0 448 512\" xmlns=\"http:\/\/www.w3.org\/2000\/svg\"><path d=\"M416 208H272V64c0-17.67-14.33-32-32-32h-32c-17.67 0-32 14.33-32 32v144H32c-17.67 0-32 14.33-32 32v32c0 17.67 14.33 32 32 32h144v144c0 17.67 14.33 32 32 32h32c17.67 0 32-14.33 32-32V304h144c17.67 0 32-14.33 32-32v-32c0-17.67-14.33-32-32-32z\"><\/path><\/svg><\/span>\n\t\t<\/span>\n\n\t\t\t\t\t\t<\/summary>\n\t\t\t\t<div role=\"region\" aria-labelledby=\"e-n-accordion-item-1471\" class=\"elementor-element elementor-element-8e2a23e e-con-full e-flex e-con e-child\" data-id=\"8e2a23e\" data-element_type=\"container\" data-e-type=\"container\">\n\t\t\t\t<div class=\"elementor-element elementor-element-55ea4ed elementor-widget elementor-widget-text-editor\" data-id=\"55ea4ed\" data-element_type=\"widget\" data-e-type=\"widget\" data-widget_type=\"text-editor.default\">\n\t\t\t\t<div class=\"elementor-widget-container\">\n\t\t\t\t\t\t\t\t\t<p><strong>Associaci\u00f3 Coral Gospel 4 Cors<\/strong><\/p><p>Convocat\u00f2ria de l\u2019Assemblea General Ordinaria<\/p><p>Barcelona 20 de desembre del 2023<\/p><p>Per la present i en compliment de l\u2019article 10.1 dels estatuts de l\u2019ACG4C, es convoca a totes les associades i associats a l\u2019Assemblea General Ordin\u00e0ria de ACG4C, que es celebrar\u00e0 el proper dia 10 de gener de 2024 a les 19,30 h. en primera i \u00fanica convocatoria i que tindr\u00e0 loc a la Capella de l\u2019Escola dels Jesu\u00eftes del Clot al carrer Val\u00e8ncia, 680 de Barcelona per tractar els seg\u00fcents assumptes:<\/p><p>Ordre del dia<\/p><p>1.- Lectura i aprovaci\u00f3 de l\u2019acta de l\u2019assemblea anterior.<br \/>2.- Informaci\u00f3 del estat de comptes de l\u2019associaci\u00f3.<br \/>3.- Proposta d\u2019aprovaci\u00f3 de la quota social de 10\u20ac per a fer front a les despeses de<br \/>l\u2019associaci\u00f3 del 2024.<br \/>4.- Informaci\u00f3 dels avantatges de ser soci.<br \/>5.- Confecci\u00f3 del protocol (obligatori) d\u2019assetjament.<br \/>6.- Renovaci\u00f3 de c\u00e0rrecs de la junta directiva que es far\u00e0 segons els articles 9.b i 14.2<br \/>dels estatuts de ACG4C.<br \/>Els c\u00e0rrecs a renovar s\u00f3n els seg\u00fcents:<br \/>\u2013 Vicepresidenta: Causa baixa Jordi Cardona i es proposa a N\u00faria Ventura.<br \/>\u2013 Tresorer: Causa baixa Raimon Godia i es proposa a Francesc Perera.<br \/>\u2013 Vocal 2\u00aa: Es proposa Yolanda S\u00e1nchez.<br \/>7.- Precs i preguntes<\/p><p>ACTA DE L\u2019ASSEMBLEA<\/p><p>L\u2019acta de l\u2019assemblea es trobar\u00e0 a disposici\u00f3 de tots els socis que la vulguin consultar.<\/p><p>A tal efecte, cal contactar amb el secretari de l\u2019ACG4C.<\/p><p>Tamb\u00e9 la podeu demanar per correu electr\u00f2nic, mitjan\u00e7ant un escrit a:\u00a0<a href=\"mailto:associacio@gospel4cors.net\">associacio@gospel4cors.net<\/a><\/p>\t\t\t\t\t\t\t\t<\/div>\n\t\t\t\t<\/div>\n\t\t\t\t<div class=\"elementor-element elementor-element-f5a18ab elementor-widget elementor-widget-text-editor\" data-id=\"f5a18ab\" data-element_type=\"widget\" data-e-type=\"widget\" data-widget_type=\"text-editor.default\">\n\t\t\t\t<div class=\"elementor-widget-container\">\n\t\t\t\t\t\t\t\t\t<p><a href=\"https:\/\/gospel4cors.net\/wp-content\/uploads\/2025\/04\/Acta_4_2024.pdf\" target=\"_blank\" rel=\"noopener\">Veure Acta 04 2024<\/a><\/p>\t\t\t\t\t\t\t\t<\/div>\n\t\t\t\t<\/div>\n\t\t\t\t<\/div>\n\t\t\t\t\t<\/details>\n\t\t\t\t\t\t<details id=\"e-n-accordion-item-1472\" class=\"e-n-accordion-item\" >\n\t\t\t\t<summary class=\"e-n-accordion-item-title\" data-accordion-index=\"3\" tabindex=\"-1\" aria-expanded=\"false\" aria-controls=\"e-n-accordion-item-1472\" >\n\t\t\t\t\t<span class='e-n-accordion-item-title-header'><div class=\"e-n-accordion-item-title-text\"> AssembleesGeneral Ordin\u00e0ria al Clot <br> 25\/01\/2023 (aquest esdeveniment ja ha passat) <\/div><\/span>\n\t\t\t\t\t\t\t<span class='e-n-accordion-item-title-icon'>\n\t\t\t<span class='e-opened' ><svg aria-hidden=\"true\" class=\"e-font-icon-svg e-fas-minus\" viewBox=\"0 0 448 512\" xmlns=\"http:\/\/www.w3.org\/2000\/svg\"><path d=\"M416 208H32c-17.67 0-32 14.33-32 32v32c0 17.67 14.33 32 32 32h384c17.67 0 32-14.33 32-32v-32c0-17.67-14.33-32-32-32z\"><\/path><\/svg><\/span>\n\t\t\t<span class='e-closed'><svg aria-hidden=\"true\" class=\"e-font-icon-svg e-fas-plus\" viewBox=\"0 0 448 512\" xmlns=\"http:\/\/www.w3.org\/2000\/svg\"><path d=\"M416 208H272V64c0-17.67-14.33-32-32-32h-32c-17.67 0-32 14.33-32 32v144H32c-17.67 0-32 14.33-32 32v32c0 17.67 14.33 32 32 32h144v144c0 17.67 14.33 32 32 32h32c17.67 0 32-14.33 32-32V304h144c17.67 0 32-14.33 32-32v-32c0-17.67-14.33-32-32-32z\"><\/path><\/svg><\/span>\n\t\t<\/span>\n\n\t\t\t\t\t\t<\/summary>\n\t\t\t\t<div role=\"region\" aria-labelledby=\"e-n-accordion-item-1472\" class=\"elementor-element elementor-element-67ce027 e-con-full e-flex e-con e-child\" data-id=\"67ce027\" data-element_type=\"container\" data-e-type=\"container\">\n\t\t\t\t<div class=\"elementor-element elementor-element-46c5fa6 elementor-widget elementor-widget-text-editor\" data-id=\"46c5fa6\" data-element_type=\"widget\" data-e-type=\"widget\" data-widget_type=\"text-editor.default\">\n\t\t\t\t<div class=\"elementor-widget-container\">\n\t\t\t\t\t\t\t\t\t<p><strong>Associaci\u00f3 Coral G\u00f2spel 4 Cors\u00a0 (ACG4C)<\/strong><\/p><p>CONVOCAT\u00d2RIA DE L\u2019ASSEMBLEA GENERAL ORDIN\u00c0RIA<\/p><p>Barcelona, 31 de desembre de 2.022<\/p><p>Per la present es convoca a totes les nostres associades i associats, a l\u2019Assemblea General Ordin\u00e0ria de l\u2019ACG4C, que se celebrar\u00e0 el proper<strong>\u00a0dimecres 25 de gener de 2023 a les 20 hores<\/strong>\u00a0en primera i \u00fanica convocat\u00f2ria, i que tindr\u00e0 lloc a la Capella de l\u2019escola dels Jesu\u00eftes del Clot, al carrer de Val\u00e8ncia n\u00fam. 680 de Barcelona, per tractar els assumptes que consten en el seg\u00fcent<\/p><p><strong><u>ORDRE DEL DIA<\/u><\/strong><\/p><ol><li>Lectura i aprovaci\u00f3 de l\u2019Acta de l\u2019anterior Assemblea.<\/li><li>Presentaci\u00f3 i aprovaci\u00f3 dels comptes de l\u2019Associaci\u00f3.<\/li><li>Aprovaci\u00f3 de les quotes de soci per a l\u2019any 2.023.<\/li><li>Informaci\u00f3 de les activitats programades per al segon semestre del curs 2022\/23.<\/li><li>Precs i preguntes.<\/li><\/ol><p><strong>ACTA DE L\u2019ASSEMBLEA<\/strong><\/p><p>L\u2019acta de l\u2019assemblea es troba a disposici\u00f3 de tots els socis que la vulguin consultar.\u00a0 A tal efecte, cal contactar amb el secretari de l\u2019ACG4C.<\/p><p>Tamb\u00e9 la podeu demanar per correu electr\u00f2nic, mitjan\u00e7ant un escrit a:\u00a0<a href=\"mailto:associacio@gospel4cors.net\">associacio@gospel4cors.net<\/a><\/p>\t\t\t\t\t\t\t\t<\/div>\n\t\t\t\t<\/div>\n\t\t\t\t<div class=\"elementor-element elementor-element-7324e04 elementor-widget elementor-widget-text-editor\" data-id=\"7324e04\" data-element_type=\"widget\" data-e-type=\"widget\" data-widget_type=\"text-editor.default\">\n\t\t\t\t<div class=\"elementor-widget-container\">\n\t\t\t\t\t\t\t\t\t<p><span style=\"text-decoration: underline;\"><a href=\"https:\/\/gospel4cors.net\/wp-content\/uploads\/2025\/04\/Acta_03_2023.pdf\">Veure Assemblea 2023<\/a><\/span><\/p>\t\t\t\t\t\t\t\t<\/div>\n\t\t\t\t<\/div>\n\t\t\t\t<\/div>\n\t\t\t\t\t<\/details>\n\t\t\t\t\t\t<details id=\"e-n-accordion-item-1473\" class=\"e-n-accordion-item\" >\n\t\t\t\t<summary class=\"e-n-accordion-item-title\" data-accordion-index=\"4\" tabindex=\"-1\" aria-expanded=\"false\" aria-controls=\"e-n-accordion-item-1473\" >\n\t\t\t\t\t<span class='e-n-accordion-item-title-header'><div class=\"e-n-accordion-item-title-text\"> Assemblees General Extraordin\u00e0ria al Clot <br> 25\/10\/2022 (aquest esdeveniment ja ha passat) <\/div><\/span>\n\t\t\t\t\t\t\t<span class='e-n-accordion-item-title-icon'>\n\t\t\t<span class='e-opened' ><svg aria-hidden=\"true\" class=\"e-font-icon-svg e-fas-minus\" viewBox=\"0 0 448 512\" xmlns=\"http:\/\/www.w3.org\/2000\/svg\"><path d=\"M416 208H32c-17.67 0-32 14.33-32 32v32c0 17.67 14.33 32 32 32h384c17.67 0 32-14.33 32-32v-32c0-17.67-14.33-32-32-32z\"><\/path><\/svg><\/span>\n\t\t\t<span class='e-closed'><svg aria-hidden=\"true\" class=\"e-font-icon-svg e-fas-plus\" viewBox=\"0 0 448 512\" xmlns=\"http:\/\/www.w3.org\/2000\/svg\"><path d=\"M416 208H272V64c0-17.67-14.33-32-32-32h-32c-17.67 0-32 14.33-32 32v144H32c-17.67 0-32 14.33-32 32v32c0 17.67 14.33 32 32 32h144v144c0 17.67 14.33 32 32 32h32c17.67 0 32-14.33 32-32V304h144c17.67 0 32-14.33 32-32v-32c0-17.67-14.33-32-32-32z\"><\/path><\/svg><\/span>\n\t\t<\/span>\n\n\t\t\t\t\t\t<\/summary>\n\t\t\t\t<div role=\"region\" aria-labelledby=\"e-n-accordion-item-1473\" class=\"elementor-element elementor-element-90ab4d6 e-con-full e-flex e-con e-child\" data-id=\"90ab4d6\" data-element_type=\"container\" data-e-type=\"container\">\n\t\t\t\t<div class=\"elementor-element elementor-element-9d494e9 elementor-widget elementor-widget-text-editor\" data-id=\"9d494e9\" data-element_type=\"widget\" data-e-type=\"widget\" data-widget_type=\"text-editor.default\">\n\t\t\t\t<div class=\"elementor-widget-container\">\n\t\t\t\t\t\t\t\t\t<p>Associaci\u00f3 Coral G\u00f2spel 4 Cors (ACG4C)<\/p><p><strong>CONVOCAT\u00d2RIA DE L\u2019ASSEMBLEA GENERAL EXTRAORDIN\u00c0RIA<\/strong><\/p><p>Barcelona, 6 d\u2019octubre de 2.022<\/p><p>Per la present, i en compliment de l\u2019article 10.2 dels Estatuts de l\u2019ACG4C, es convoca a totes les nostres associades i associats, a l\u2019Assemblea General Extraordin\u00e0ria de l\u2019ACG4C, que se celebrar\u00e0 el proper dia 25 d\u2019octubre de 2022 a les 20.30 hores en primera i \u00fanica convocat\u00f2ria, i que tindr\u00e0 lloc a la Capella de l\u2019escola dels Jesu\u00eftes del Clot, al carrer de Val\u00e8ncia n\u00fam. 680 de Barcelona, per tractar els assumptes que consten en el seg\u00fcent<\/p><p><strong>ORDRE DEL DIA<\/strong><\/p><p>\u00danic punt de l\u2019ordre del dia:\u00a0 Renovaci\u00f3 de c\u00e0rrecs de la Junta Directiva.<\/p><p>El c\u00e0rrecs a renovar s\u00f3n els seg\u00fcents:<\/p><ol><li>Presid\u00e8ncia de l\u2019ACG4C . Actualment vacant per defunci\u00f3 de l\u2019anterior President i exercit en funcions per la Vicepresidenta, Imma Joseph.<\/li><li>Vicepresid\u00e8ncia de l\u2019ACG4C. Actualment vacant per duplicitat de c\u00e0rrecs.<\/li><li>Secretaria de l\u2019ACG4C. Actualment vacant per renuncia de l\u2019anterior secretari i exercit en funcions pel soci num. 2019\/0006, Sr. Emili Abarca.<\/li><\/ol><p>La renovaci\u00f3 de c\u00e0rrecs es far\u00e0 segons els articles 9.b i 14.2 dels Estatuts de l\u2019ACG4C.<\/p><p>Signat,<\/p><p>Imma Joseph \u2013 Presidenta en funcions<\/p><p><strong>ACTA DE L\u2019ASSEMBLEA<\/strong><\/p><p>L\u2019acta de l\u2019assemblea es troba a disposici\u00f3 dels tots socis que la vulguin consultar.\u00a0 A tal efecte, cal contactar amb el secretari de l\u2019ACG4C.<\/p><p>Tamb\u00e9 la podeu demanar per correu electr\u00f2nic, mitjan\u00e7ant un escrit a:\u00a0<a href=\"mailto:associacio@gospel4cors.net\">associacio@gospel4cors.net<\/a><\/p>\t\t\t\t\t\t\t\t<\/div>\n\t\t\t\t<\/div>\n\t\t\t\t<div class=\"elementor-element elementor-element-d816ee9 elementor-widget elementor-widget-text-editor\" data-id=\"d816ee9\" data-element_type=\"widget\" data-e-type=\"widget\" data-widget_type=\"text-editor.default\">\n\t\t\t\t<div class=\"elementor-widget-container\">\n\t\t\t\t\t\t\t\t\t<p><span style=\"text-decoration: underline;\"><a href=\"https:\/\/gospel4cors.net\/wp-content\/uploads\/2025\/04\/Acta_02_2022.pdf\">Veure Assemblea 2022<\/a><\/span><\/p>\t\t\t\t\t\t\t\t<\/div>\n\t\t\t\t<\/div>\n\t\t\t\t<\/div>\n\t\t\t\t\t<\/details>\n\t\t\t\t\t\t<details id=\"e-n-accordion-item-1474\" class=\"e-n-accordion-item\" >\n\t\t\t\t<summary class=\"e-n-accordion-item-title\" data-accordion-index=\"5\" tabindex=\"-1\" aria-expanded=\"false\" aria-controls=\"e-n-accordion-item-1474\" >\n\t\t\t\t\t<span class='e-n-accordion-item-title-header'><div class=\"e-n-accordion-item-title-text\"> Assemblees General Extraordin\u00e0ria al Clot <br> 2\/10\/2019 (aquest esdeveniment ja ha passat) <\/div><\/span>\n\t\t\t\t\t\t\t<span class='e-n-accordion-item-title-icon'>\n\t\t\t<span class='e-opened' ><svg aria-hidden=\"true\" class=\"e-font-icon-svg e-fas-minus\" viewBox=\"0 0 448 512\" xmlns=\"http:\/\/www.w3.org\/2000\/svg\"><path d=\"M416 208H32c-17.67 0-32 14.33-32 32v32c0 17.67 14.33 32 32 32h384c17.67 0 32-14.33 32-32v-32c0-17.67-14.33-32-32-32z\"><\/path><\/svg><\/span>\n\t\t\t<span class='e-closed'><svg aria-hidden=\"true\" class=\"e-font-icon-svg e-fas-plus\" viewBox=\"0 0 448 512\" xmlns=\"http:\/\/www.w3.org\/2000\/svg\"><path d=\"M416 208H272V64c0-17.67-14.33-32-32-32h-32c-17.67 0-32 14.33-32 32v144H32c-17.67 0-32 14.33-32 32v32c0 17.67 14.33 32 32 32h144v144c0 17.67 14.33 32 32 32h32c17.67 0 32-14.33 32-32V304h144c17.67 0 32-14.33 32-32v-32c0-17.67-14.33-32-32-32z\"><\/path><\/svg><\/span>\n\t\t<\/span>\n\n\t\t\t\t\t\t<\/summary>\n\t\t\t\t<div role=\"region\" aria-labelledby=\"e-n-accordion-item-1474\" class=\"elementor-element elementor-element-ab14534 e-con-full e-flex e-con e-child\" data-id=\"ab14534\" data-element_type=\"container\" data-e-type=\"container\">\n\t\t\t\t<div class=\"elementor-element elementor-element-e0cbbfa elementor-widget elementor-widget-text-editor\" data-id=\"e0cbbfa\" data-element_type=\"widget\" data-e-type=\"widget\" data-widget_type=\"text-editor.default\">\n\t\t\t\t<div class=\"elementor-widget-container\">\n\t\t\t\t\t\t\t\t\t<p>Associaci\u00f3 Coral G\u00f2spel 4 Cors (ACG4C)<br \/><strong>CONVOCAT\u00d2RIA DE L\u2019ASSEMBLEA GENERAL OBERTA EXTRAORDIN\u00c0RIA<\/strong><\/p><p>Barcelona, 16 de setembre de 2.019<\/p><p>Per la present es convoca a totes les nostres associades i associats, a l\u2019Assemblea General Extraordin\u00e0ria de l\u2019ACG4C, que se celebrar\u00e0 el proper dia\u00a0<strong>2 d\u2019octubre de 2019 a les 20 hores<\/strong>\u00a0en primera i \u00fanica convocat\u00f2ria, i que tindr\u00e0 lloc a la Capella de l\u2019escola dels Jesu\u00eftes del Clot, al carrer de Val\u00e8ncia n\u00fam. 680 de Barcelona, per tractar els assumptes que consten en el seg\u00fcent<\/p><p><strong>ORDRE DEL DIA<\/strong><\/p><p>1.- Presentaci\u00f3 de l\u2019Associaci\u00f3 als cantaires de G\u00f2spel 4 Cors.<br \/>2.- Debat i aprovaci\u00f3, si s\u2019escau, de la quota social.<br \/>3.- Sessi\u00f3 informativa sobre la Trobada 2019.<br \/>3.- Precs i preguntes.<\/p><p>Aquesta assemblea \u00e9s oberta per a tots els cantaires de Gospel4Cors. Es prega encaridament la vostra assist\u00e8ncia a la mateixa.<\/p><p><strong>ACTA DE L\u2019ASSEMBLEA<\/strong><\/p><p>L\u2019acta de l\u2019assemblea es troba a disposici\u00f3 dels tots socis que la vulguin consultar.\u00a0 A tal efecte, cal contactar amb el secretari de l\u2019ACG4C.<\/p><p>Tamb\u00e9 la podeu demanar per correu electr\u00f2nic, mitjan\u00e7ant un escrit a:\u00a0<a href=\"mailto:associacio@gospel4cors.net\">associacio@gospel4cors.net<\/a><\/p>\t\t\t\t\t\t\t\t<\/div>\n\t\t\t\t<\/div>\n\t\t\t\t<div class=\"elementor-element elementor-element-0f6e304 elementor-widget elementor-widget-text-editor\" data-id=\"0f6e304\" data-element_type=\"widget\" data-e-type=\"widget\" data-widget_type=\"text-editor.default\">\n\t\t\t\t<div class=\"elementor-widget-container\">\n\t\t\t\t\t\t\t\t\t<p><span style=\"text-decoration: underline;\"><a href=\"https:\/\/gospel4cors.net\/wp-content\/uploads\/2025\/04\/Acta_01_2019.pdf\">Veure Assemblea 2019<\/a><\/span><\/p>\t\t\t\t\t\t\t\t<\/div>\n\t\t\t\t<\/div>\n\t\t\t\t<\/div>\n\t\t\t\t\t<\/details>\n\t\t\t\t\t\t<details id=\"e-n-accordion-item-1475\" class=\"e-n-accordion-item\" >\n\t\t\t\t<summary class=\"e-n-accordion-item-title\" data-accordion-index=\"6\" tabindex=\"-1\" aria-expanded=\"false\" aria-controls=\"e-n-accordion-item-1475\" >\n\t\t\t\t\t<span class='e-n-accordion-item-title-header'><div class=\"e-n-accordion-item-title-text\"> Acta Fudacion <\/div><\/span>\n\t\t\t\t\t\t\t<span class='e-n-accordion-item-title-icon'>\n\t\t\t<span class='e-opened' ><svg aria-hidden=\"true\" class=\"e-font-icon-svg e-fas-minus\" viewBox=\"0 0 448 512\" xmlns=\"http:\/\/www.w3.org\/2000\/svg\"><path d=\"M416 208H32c-17.67 0-32 14.33-32 32v32c0 17.67 14.33 32 32 32h384c17.67 0 32-14.33 32-32v-32c0-17.67-14.33-32-32-32z\"><\/path><\/svg><\/span>\n\t\t\t<span class='e-closed'><svg aria-hidden=\"true\" class=\"e-font-icon-svg e-fas-plus\" viewBox=\"0 0 448 512\" xmlns=\"http:\/\/www.w3.org\/2000\/svg\"><path d=\"M416 208H272V64c0-17.67-14.33-32-32-32h-32c-17.67 0-32 14.33-32 32v144H32c-17.67 0-32 14.33-32 32v32c0 17.67 14.33 32 32 32h144v144c0 17.67 14.33 32 32 32h32c17.67 0 32-14.33 32-32V304h144c17.67 0 32-14.33 32-32v-32c0-17.67-14.33-32-32-32z\"><\/path><\/svg><\/span>\n\t\t<\/span>\n\n\t\t\t\t\t\t<\/summary>\n\t\t\t\t<div role=\"region\" aria-labelledby=\"e-n-accordion-item-1475\" class=\"elementor-element elementor-element-ab814f3 e-con-full e-flex e-con e-child\" data-id=\"ab814f3\" data-element_type=\"container\" data-e-type=\"container\">\n\t\t\t\t<div class=\"elementor-element elementor-element-c99ca65 elementor-widget elementor-widget-text-editor\" data-id=\"c99ca65\" data-element_type=\"widget\" data-e-type=\"widget\" data-widget_type=\"text-editor.default\">\n\t\t\t\t<div class=\"elementor-widget-container\">\n\t\t\t\t\t\t\t\t\t<p><a href=\"https:\/\/gospel4cors.net\/wp-content\/uploads\/2025\/04\/acta_fund_G4C_plena1.pdf\" target=\"_blank\" rel=\"noopener\">Acta Fundacion<\/a><\/p>\t\t\t\t\t\t\t\t<\/div>\n\t\t\t\t<\/div>\n\t\t\t\t<div class=\"elementor-element elementor-element-96319e6 elementor-widget elementor-widget-text-editor\" data-id=\"96319e6\" data-element_type=\"widget\" data-e-type=\"widget\" data-widget_type=\"text-editor.default\">\n\t\t\t\t<div class=\"elementor-widget-container\">\n\t\t\t\t\t\t\t\t\t<p><span style=\"text-decoration: underline;\"><a href=\"https:\/\/gospel4cors.net\/wp-content\/uploads\/2025\/04\/Acta-de-la-1a-reunio.pdf\" target=\"_blank\" rel=\"noopener\">Acta Primera reuni\u00f3<\/a><\/span><\/p>\t\t\t\t\t\t\t\t<\/div>\n\t\t\t\t<\/div>\n\t\t\t\t<\/div>\n\t\t\t\t\t<\/details>\n\t\t\t\t\t<\/div>\n\t\t\t\t\t\t<\/div>\n\t\t\t\t<\/div>\n\t\t\t\t<\/div>\n\t\t\t\t\t<\/div>\n\t\t\t\t<\/div>\n\t\t\t\t<\/div>\n\t\t","protected":false},"excerpt":{"rendered":"<p>ASSEMBLEES del ACG4C ASSEMBLEA GENERAL ORDIN\u00c0RIA Barcelona, 22 de gener de 2025 Veure acta Veure Assemblea 2025 Assemblees General Ordin\u00e0ria al Clot10\/01\/2024 (aquest esdeveniment ja ha passat) Associaci\u00f3 Coral Gospel [&hellip;]<\/p>\n","protected":false},"author":1125,"featured_media":0,"parent":0,"menu_order":0,"comment_status":"closed","ping_status":"closed","template":"elementor_header_footer","meta":{"footnotes":""},"class_list":["post-10014","page","type-page","status-publish","hentry"],"_links":{"self":[{"href":"https:\/\/gospel4cors.net\/index.php?rest_route=\/wp\/v2\/pages\/10014","targetHints":{"allow":["GET"]}}],"collection":[{"href":"https:\/\/gospel4cors.net\/index.php?rest_route=\/wp\/v2\/pages"}],"about":[{"href":"https:\/\/gospel4cors.net\/index.php?rest_route=\/wp\/v2\/types\/page"}],"author":[{"embeddable":true,"href":"https:\/\/gospel4cors.net\/index.php?rest_route=\/wp\/v2\/users\/1125"}],"replies":[{"embeddable":true,"href":"https:\/\/gospel4cors.net\/index.php?rest_route=%2Fwp%2Fv2%2Fcomments&post=10014"}],"version-history":[{"count":0,"href":"https:\/\/gospel4cors.net\/index.php?rest_route=\/wp\/v2\/pages\/10014\/revisions"}],"wp:attachment":[{"href":"https:\/\/gospel4cors.net\/index.php?rest_route=%2Fwp%2Fv2%2Fmedia&parent=10014"}],"curies":[{"name":"wp","href":"https:\/\/api.w.org\/{rel}","templated":true}]}}